{"id":95,"date":"2013-05-22T18:36:27","date_gmt":"2013-05-22T18:36:27","guid":{"rendered":"http:\/\/www.eniac.cz\/?page_id=95"},"modified":"2013-06-09T20:40:56","modified_gmt":"2013-06-09T20:40:56","slug":"zitra-se-bude","status":"publish","type":"page","link":"https:\/\/eniac.red\/cs\/reference\/zitra-se-bude\/","title":{"rendered":"Z\u00edtra se bude\u2026"},"content":{"rendered":"<p><strong>re\u017eie<\/strong>: Jan H\u0159ebejk<br \/>\n<strong>kamera<\/strong>: Jan Mal\u00ed\u0159<br \/>\n<strong>st\u0159ih<\/strong>: Vladim\u00edr Bar\u00e1ka<br \/>\n<strong>producen:\u00a0<\/strong>infilm<\/p>\n<p>&nbsp;<\/p>\n","protected":false},"excerpt":{"rendered":"<p>re\u017eie: Jan H\u0159ebejk kamera: Jan Mal\u00ed\u0159 st\u0159ih: Vladim\u00edr Bar\u00e1ka producen:\u00a0infilm &nbsp;<\/p>\n","protected":false},"author":1,"featured_media":0,"parent":4,"menu_order":0,"comment_status":"open","ping_status":"open","template":"sablona-reference.php","meta":[],"acf":[],"aioseo_notices":[],"_links":{"self":[{"href":"https:\/\/eniac.red\/cs\/wp-json\/wp\/v2\/pages\/95"}],"collection":[{"href":"https:\/\/eniac.red\/cs\/wp-json\/wp\/v2\/pages"}],"about":[{"href":"https:\/\/eniac.red\/cs\/wp-json\/wp\/v2\/types\/page"}],"author":[{"embeddable":true,"href":"https:\/\/eniac.red\/cs\/wp-json\/wp\/v2\/users\/1"}],"replies":[{"embeddable":true,"href":"https:\/\/eniac.red\/cs\/wp-json\/wp\/v2\/comments?post=95"}],"version-history":[{"count":5,"href":"https:\/\/eniac.red\/cs\/wp-json\/wp\/v2\/pages\/95\/revisions"}],"predecessor-version":[{"id":98,"href":"https:\/\/eniac.red\/cs\/wp-json\/wp\/v2\/pages\/95\/revisions\/98"}],"up":[{"embeddable":true,"href":"https:\/\/eniac.red\/cs\/wp-json\/wp\/v2\/pages\/4"}],"wp:attachment":[{"href":"https:\/\/eniac.red\/cs\/wp-json\/wp\/v2\/media?parent=95"}],"curies":[{"name":"wp","href":"https:\/\/api.w.org\/{rel}","templated":true}]}}