{"id":935,"date":"2017-06-21T09:44:51","date_gmt":"2017-06-21T09:44:51","guid":{"rendered":"http:\/\/www.eniac.cz\/?page_id=935"},"modified":"2017-06-21T09:47:09","modified_gmt":"2017-06-21T09:47:09","slug":"mbff-2017-znelka","status":"publish","type":"page","link":"https:\/\/eniac.red\/cs\/reference\/mbff-2017-znelka\/","title":{"rendered":"MBFF 2017   zn\u011blka"},"content":{"rendered":"<p>Jsme hrd\u00ed na to, \u017ee jsme byli osloveni abychom vytvo\u0159ili zn\u011blku pro \u00a0II. ro\u010dn\u00edk Marienbad Film Festival. <\/p>\n<p><strong>koncept \/ re\u017eie:<\/strong> Marek Bure\u0161<br \/>\n<strong>kamera:<\/strong> Michael Gahut<br \/>\n<strong>zvuk:<\/strong> Petr Gargula<br \/>\n<strong>postprodukce:<\/strong> Eniac<br \/>\n<strong>klient:<\/strong>\u00a0MBFF<\/p>\n","protected":false},"excerpt":{"rendered":"<p>Jsme hrd\u00ed na to, \u017ee jsme byli osloveni abychom vytvo\u0159ili zn\u011blku pro \u00a0II. ro\u010dn\u00edk Marienbad Film Festival. koncept \/ re\u017eie: Marek Bure\u0161 kamera: Michael Gahut zvuk: Petr Gargula postprodukce: Eniac klient:\u00a0MBFF<\/p>\n","protected":false},"author":3,"featured_media":0,"parent":4,"menu_order":0,"comment_status":"open","ping_status":"open","template":"sablona-reference.php","meta":[],"acf":[],"aioseo_notices":[],"_links":{"self":[{"href":"https:\/\/eniac.red\/cs\/wp-json\/wp\/v2\/pages\/935"}],"collection":[{"href":"https:\/\/eniac.red\/cs\/wp-json\/wp\/v2\/pages"}],"about":[{"href":"https:\/\/eniac.red\/cs\/wp-json\/wp\/v2\/types\/page"}],"author":[{"embeddable":true,"href":"https:\/\/eniac.red\/cs\/wp-json\/wp\/v2\/users\/3"}],"replies":[{"embeddable":true,"href":"https:\/\/eniac.red\/cs\/wp-json\/wp\/v2\/comments?post=935"}],"version-history":[{"count":3,"href":"https:\/\/eniac.red\/cs\/wp-json\/wp\/v2\/pages\/935\/revisions"}],"predecessor-version":[{"id":941,"href":"https:\/\/eniac.red\/cs\/wp-json\/wp\/v2\/pages\/935\/revisions\/941"}],"up":[{"embeddable":true,"href":"https:\/\/eniac.red\/cs\/wp-json\/wp\/v2\/pages\/4"}],"wp:attachment":[{"href":"https:\/\/eniac.red\/cs\/wp-json\/wp\/v2\/media?parent=935"}],"curies":[{"name":"wp","href":"https:\/\/api.w.org\/{rel}","templated":true}]}}