{"id":928,"date":"2017-06-21T09:39:56","date_gmt":"2017-06-21T09:39:56","guid":{"rendered":"http:\/\/www.eniac.cz\/?page_id=928"},"modified":"2017-06-21T09:40:28","modified_gmt":"2017-06-21T09:40:28","slug":"veletrh-vedy-spot","status":"publish","type":"page","link":"https:\/\/eniac.red\/cs\/reference\/veletrh-vedy-spot\/","title":{"rendered":"Veletrh v\u011bdy &#8211; spot"},"content":{"rendered":"<p>Realizace s\u00e9rie dvou spot\u016f, v r\u00e1mci kampan\u011b na Veletrh v\u011bdy 2017<\/p>\n<p><strong>koncept \/ re\u017eie:<\/strong> Marek Bure\u0161<br \/>\n<strong>kamera:\u00a0<\/strong>Michael Gahut<br \/>\n<strong>zvuk:\u00a0<\/strong>Petr Gargula<br \/>\n<strong>postprodukce:<\/strong> Eniac<br \/>\n<strong>klient: <\/strong>AV\u010cR<\/p>\n","protected":false},"excerpt":{"rendered":"<p>Realizace s\u00e9rie dvou spot\u016f, v r\u00e1mci kampan\u011b na Veletrh v\u011bdy 2017 koncept \/ re\u017eie: Marek Bure\u0161 kamera:\u00a0Michael Gahut zvuk:\u00a0Petr Gargula postprodukce: Eniac klient: AV\u010cR<\/p>\n","protected":false},"author":3,"featured_media":0,"parent":4,"menu_order":0,"comment_status":"open","ping_status":"open","template":"sablona-reference.php","meta":[],"acf":[],"aioseo_notices":[],"_links":{"self":[{"href":"https:\/\/eniac.red\/cs\/wp-json\/wp\/v2\/pages\/928"}],"collection":[{"href":"https:\/\/eniac.red\/cs\/wp-json\/wp\/v2\/pages"}],"about":[{"href":"https:\/\/eniac.red\/cs\/wp-json\/wp\/v2\/types\/page"}],"author":[{"embeddable":true,"href":"https:\/\/eniac.red\/cs\/wp-json\/wp\/v2\/users\/3"}],"replies":[{"embeddable":true,"href":"https:\/\/eniac.red\/cs\/wp-json\/wp\/v2\/comments?post=928"}],"version-history":[{"count":1,"href":"https:\/\/eniac.red\/cs\/wp-json\/wp\/v2\/pages\/928\/revisions"}],"predecessor-version":[{"id":934,"href":"https:\/\/eniac.red\/cs\/wp-json\/wp\/v2\/pages\/928\/revisions\/934"}],"up":[{"embeddable":true,"href":"https:\/\/eniac.red\/cs\/wp-json\/wp\/v2\/pages\/4"}],"wp:attachment":[{"href":"https:\/\/eniac.red\/cs\/wp-json\/wp\/v2\/media?parent=928"}],"curies":[{"name":"wp","href":"https:\/\/api.w.org\/{rel}","templated":true}]}}