{"id":917,"date":"2017-02-14T10:07:54","date_gmt":"2017-02-14T10:07:54","guid":{"rendered":"http:\/\/www.eniac.cz\/?page_id=917"},"modified":"2017-02-14T10:07:54","modified_gmt":"2017-02-14T10:07:54","slug":"usmev-s-lays","status":"publish","type":"page","link":"https:\/\/eniac.red\/cs\/reference\/usmev-s-lays\/","title":{"rendered":"Usm\u011bv s Lays"},"content":{"rendered":"<p>Online kampa\u0148 #\u00daSM\u011aVLAYS na bramb\u016frky Lays s influecenty z \u010desk\u00e9 youtube sc\u00e9ny.<br \/>\nre\u017eie: Marek Bure\u0161<br \/>\nkamera: Michael Gahut<br \/>\nagentura: 2fresh<br \/>\nklient: PepsiCO<\/p>\n","protected":false},"excerpt":{"rendered":"<p>Online kampa\u0148 #\u00daSM\u011aVLAYS na bramb\u016frky Lays s influecenty z \u010desk\u00e9 youtube sc\u00e9ny. re\u017eie: Marek Bure\u0161 kamera: Michael Gahut agentura: 2fresh klient: PepsiCO<\/p>\n","protected":false},"author":3,"featured_media":0,"parent":4,"menu_order":0,"comment_status":"open","ping_status":"open","template":"sablona-reference.php","meta":[],"acf":[],"aioseo_notices":[],"_links":{"self":[{"href":"https:\/\/eniac.red\/cs\/wp-json\/wp\/v2\/pages\/917"}],"collection":[{"href":"https:\/\/eniac.red\/cs\/wp-json\/wp\/v2\/pages"}],"about":[{"href":"https:\/\/eniac.red\/cs\/wp-json\/wp\/v2\/types\/page"}],"author":[{"embeddable":true,"href":"https:\/\/eniac.red\/cs\/wp-json\/wp\/v2\/users\/3"}],"replies":[{"embeddable":true,"href":"https:\/\/eniac.red\/cs\/wp-json\/wp\/v2\/comments?post=917"}],"version-history":[{"count":1,"href":"https:\/\/eniac.red\/cs\/wp-json\/wp\/v2\/pages\/917\/revisions"}],"predecessor-version":[{"id":922,"href":"https:\/\/eniac.red\/cs\/wp-json\/wp\/v2\/pages\/917\/revisions\/922"}],"up":[{"embeddable":true,"href":"https:\/\/eniac.red\/cs\/wp-json\/wp\/v2\/pages\/4"}],"wp:attachment":[{"href":"https:\/\/eniac.red\/cs\/wp-json\/wp\/v2\/media?parent=917"}],"curies":[{"name":"wp","href":"https:\/\/api.w.org\/{rel}","templated":true}]}}