{"id":910,"date":"2016-10-31T11:44:39","date_gmt":"2016-10-31T11:44:39","guid":{"rendered":"http:\/\/www.eniac.cz\/?page_id=910"},"modified":"2016-10-31T12:54:32","modified_gmt":"2016-10-31T12:54:32","slug":"lays-strong","status":"publish","type":"page","link":"https:\/\/eniac.red\/cs\/reference\/lays-strong\/","title":{"rendered":"Lays Strong"},"content":{"rendered":"<p>Online kampa\u0148 #Laysnisitalent<\/p>\n<p><strong>re\u017eie:<\/strong> Marek Bure\u0161<br \/>\n<strong>kamera: <\/strong>Michael Gahut<br \/>\n<strong>agentura:<\/strong> 2Fresh<br \/>\n<strong>klient: <\/strong>Pepsi CO<\/p>\n","protected":false},"excerpt":{"rendered":"<p>Online kampa\u0148 #Laysnisitalent re\u017eie: Marek Bure\u0161 kamera: Michael Gahut agentura: 2Fresh klient: Pepsi CO<\/p>\n","protected":false},"author":3,"featured_media":0,"parent":4,"menu_order":0,"comment_status":"open","ping_status":"open","template":"sablona-reference.php","meta":[],"acf":[],"aioseo_notices":[],"_links":{"self":[{"href":"https:\/\/eniac.red\/cs\/wp-json\/wp\/v2\/pages\/910"}],"collection":[{"href":"https:\/\/eniac.red\/cs\/wp-json\/wp\/v2\/pages"}],"about":[{"href":"https:\/\/eniac.red\/cs\/wp-json\/wp\/v2\/types\/page"}],"author":[{"embeddable":true,"href":"https:\/\/eniac.red\/cs\/wp-json\/wp\/v2\/users\/3"}],"replies":[{"embeddable":true,"href":"https:\/\/eniac.red\/cs\/wp-json\/wp\/v2\/comments?post=910"}],"version-history":[{"count":2,"href":"https:\/\/eniac.red\/cs\/wp-json\/wp\/v2\/pages\/910\/revisions"}],"predecessor-version":[{"id":1871,"href":"https:\/\/eniac.red\/cs\/wp-json\/wp\/v2\/pages\/910\/revisions\/1871"}],"up":[{"embeddable":true,"href":"https:\/\/eniac.red\/cs\/wp-json\/wp\/v2\/pages\/4"}],"wp:attachment":[{"href":"https:\/\/eniac.red\/cs\/wp-json\/wp\/v2\/media?parent=910"}],"curies":[{"name":"wp","href":"https:\/\/api.w.org\/{rel}","templated":true}]}}