{"id":882,"date":"2016-07-12T12:22:53","date_gmt":"2016-07-12T12:22:53","guid":{"rendered":"http:\/\/www.eniac.cz\/?page_id=882"},"modified":"2016-07-12T12:22:53","modified_gmt":"2016-07-12T12:22:53","slug":"elle-beauty-lounge-2","status":"publish","type":"page","link":"https:\/\/eniac.red\/cs\/reference\/elle-beauty-lounge-2\/","title":{"rendered":"Elle Beauty Lounge"},"content":{"rendered":"<p>S\u00e9rie Image spot\u016f z Elle Beaty Lounge na MFFKV.<\/p>\n<p><strong>re\u017eie:\u00a0<\/strong>Marek Bure\u0161<\/p>\n<p><strong>kamera:\u00a0<\/strong>Michael Gahut<\/p>\n<p><strong>klient:<\/strong> Burda<\/p>\n","protected":false},"excerpt":{"rendered":"<p>S\u00e9rie Image spot\u016f z Elle Beaty Lounge na MFFKV. re\u017eie:\u00a0Marek Bure\u0161 kamera:\u00a0Michael Gahut klient: Burda<\/p>\n","protected":false},"author":3,"featured_media":0,"parent":4,"menu_order":0,"comment_status":"open","ping_status":"open","template":"sablona-reference.php","meta":[],"acf":[],"aioseo_notices":[],"_links":{"self":[{"href":"https:\/\/eniac.red\/cs\/wp-json\/wp\/v2\/pages\/882"}],"collection":[{"href":"https:\/\/eniac.red\/cs\/wp-json\/wp\/v2\/pages"}],"about":[{"href":"https:\/\/eniac.red\/cs\/wp-json\/wp\/v2\/types\/page"}],"author":[{"embeddable":true,"href":"https:\/\/eniac.red\/cs\/wp-json\/wp\/v2\/users\/3"}],"replies":[{"embeddable":true,"href":"https:\/\/eniac.red\/cs\/wp-json\/wp\/v2\/comments?post=882"}],"version-history":[{"count":1,"href":"https:\/\/eniac.red\/cs\/wp-json\/wp\/v2\/pages\/882\/revisions"}],"predecessor-version":[{"id":889,"href":"https:\/\/eniac.red\/cs\/wp-json\/wp\/v2\/pages\/882\/revisions\/889"}],"up":[{"embeddable":true,"href":"https:\/\/eniac.red\/cs\/wp-json\/wp\/v2\/pages\/4"}],"wp:attachment":[{"href":"https:\/\/eniac.red\/cs\/wp-json\/wp\/v2\/media?parent=882"}],"curies":[{"name":"wp","href":"https:\/\/api.w.org\/{rel}","templated":true}]}}