{"id":874,"date":"2016-07-12T11:36:25","date_gmt":"2016-07-12T11:36:25","guid":{"rendered":"http:\/\/www.eniac.cz\/?page_id=874"},"modified":"2016-07-12T12:24:07","modified_gmt":"2016-07-12T12:24:07","slug":"plzensky-prazdroj","status":"publish","type":"page","link":"https:\/\/eniac.red\/cs\/reference\/plzensky-prazdroj\/","title":{"rendered":"Plze\u0148sk\u00fd Prazdroj"},"content":{"rendered":"<p>Prezentace nov\u00fdch konceptov\u00fdch restaurac\u00ed v s\u00e9rii image spot\u016f pro Plze\u0148sk\u00fd Prazdroj.<\/p>\n<p><strong>re\u017eie:<\/strong> Marek Bure\u0161<\/p>\n<p><strong>kamera:<\/strong> Michael Gahut<\/p>\n<p><strong>klient:<\/strong> Pilsner Urquell<\/p>\n<p>&nbsp;<\/p>\n","protected":false},"excerpt":{"rendered":"<p>Prezentace nov\u00fdch konceptov\u00fdch restaurac\u00ed v s\u00e9rii image spot\u016f pro Plze\u0148sk\u00fd Prazdroj. re\u017eie: Marek Bure\u0161 kamera: Michael Gahut klient: Pilsner Urquell &nbsp;<\/p>\n","protected":false},"author":3,"featured_media":0,"parent":4,"menu_order":0,"comment_status":"open","ping_status":"open","template":"sablona-reference.php","meta":[],"acf":[],"aioseo_notices":[],"_links":{"self":[{"href":"https:\/\/eniac.red\/cs\/wp-json\/wp\/v2\/pages\/874"}],"collection":[{"href":"https:\/\/eniac.red\/cs\/wp-json\/wp\/v2\/pages"}],"about":[{"href":"https:\/\/eniac.red\/cs\/wp-json\/wp\/v2\/types\/page"}],"author":[{"embeddable":true,"href":"https:\/\/eniac.red\/cs\/wp-json\/wp\/v2\/users\/3"}],"replies":[{"embeddable":true,"href":"https:\/\/eniac.red\/cs\/wp-json\/wp\/v2\/comments?post=874"}],"version-history":[{"count":2,"href":"https:\/\/eniac.red\/cs\/wp-json\/wp\/v2\/pages\/874\/revisions"}],"predecessor-version":[{"id":890,"href":"https:\/\/eniac.red\/cs\/wp-json\/wp\/v2\/pages\/874\/revisions\/890"}],"up":[{"embeddable":true,"href":"https:\/\/eniac.red\/cs\/wp-json\/wp\/v2\/pages\/4"}],"wp:attachment":[{"href":"https:\/\/eniac.red\/cs\/wp-json\/wp\/v2\/media?parent=874"}],"curies":[{"name":"wp","href":"https:\/\/api.w.org\/{rel}","templated":true}]}}