{"id":835,"date":"2015-11-18T09:44:29","date_gmt":"2015-11-18T09:44:29","guid":{"rendered":"http:\/\/www.eniac.cz\/?page_id=835"},"modified":"2015-11-29T06:37:50","modified_gmt":"2015-11-29T06:37:50","slug":"favorit-product-video","status":"publish","type":"page","link":"https:\/\/eniac.red\/cs\/reference\/favorit-product-video\/","title":{"rendered":"Favorit &#8211; product video"},"content":{"rendered":"<p>Prezentace nov\u00fdch model\u016f kol zna\u010dky favorit s d\u016frazem na jejich inovativn\u00ed technologick\u00e9 \u0159e\u0161en\u00ed.<\/p>\n<p><strong>re\u017eie\/st\u0159ih:<\/strong> Marek Bure\u0161<\/p>\n<p><strong>kamera:<\/strong> Michael Gahut<\/p>\n","protected":false},"excerpt":{"rendered":"<p>Prezentace nov\u00fdch model\u016f kol zna\u010dky favorit s d\u016frazem na jejich inovativn\u00ed technologick\u00e9 \u0159e\u0161en\u00ed. re\u017eie\/st\u0159ih: Marek Bure\u0161 kamera: Michael Gahut<\/p>\n","protected":false},"author":3,"featured_media":0,"parent":4,"menu_order":0,"comment_status":"open","ping_status":"open","template":"sablona-reference.php","meta":[],"acf":[],"aioseo_notices":[],"_links":{"self":[{"href":"https:\/\/eniac.red\/cs\/wp-json\/wp\/v2\/pages\/835"}],"collection":[{"href":"https:\/\/eniac.red\/cs\/wp-json\/wp\/v2\/pages"}],"about":[{"href":"https:\/\/eniac.red\/cs\/wp-json\/wp\/v2\/types\/page"}],"author":[{"embeddable":true,"href":"https:\/\/eniac.red\/cs\/wp-json\/wp\/v2\/users\/3"}],"replies":[{"embeddable":true,"href":"https:\/\/eniac.red\/cs\/wp-json\/wp\/v2\/comments?post=835"}],"version-history":[{"count":1,"href":"https:\/\/eniac.red\/cs\/wp-json\/wp\/v2\/pages\/835\/revisions"}],"predecessor-version":[{"id":847,"href":"https:\/\/eniac.red\/cs\/wp-json\/wp\/v2\/pages\/835\/revisions\/847"}],"up":[{"embeddable":true,"href":"https:\/\/eniac.red\/cs\/wp-json\/wp\/v2\/pages\/4"}],"wp:attachment":[{"href":"https:\/\/eniac.red\/cs\/wp-json\/wp\/v2\/media?parent=835"}],"curies":[{"name":"wp","href":"https:\/\/api.w.org\/{rel}","templated":true}]}}