{"id":827,"date":"2015-11-18T09:38:56","date_gmt":"2015-11-18T09:38:56","guid":{"rendered":"http:\/\/www.eniac.cz\/?page_id=827"},"modified":"2015-11-29T06:46:13","modified_gmt":"2015-11-29T06:46:13","slug":"favorit-jak-se-spravne-zmerit","status":"publish","type":"page","link":"https:\/\/eniac.red\/cs\/reference\/favorit-jak-se-spravne-zmerit\/","title":{"rendered":"Favorit &#8211; Jak se spr\u00e1vn\u011b zm\u011b\u0159it"},"content":{"rendered":"<p>Instrukt\u00e1\u017en\u00ed spot pro zna\u010dku <strong>Favorit<\/strong>. M\u011b\u0159en\u00ed postavy pro v\u00fdrobu r\u00e1mu kola Favorit.<\/p>\n<p><strong>koncept:<\/strong> Marek Bure\u0161 \/ Michael Gahut<\/p>\n<p><strong>re\u017eie\/st\u0159ih:<\/strong> Marek Bure\u0161<\/p>\n<p><strong>kamera:<\/strong> Michael Gahut<\/p>\n<p>&nbsp;<\/p>\n","protected":false},"excerpt":{"rendered":"<p>Instrukt\u00e1\u017en\u00ed spot pro zna\u010dku Favorit. M\u011b\u0159en\u00ed postavy pro v\u00fdrobu r\u00e1mu kola Favorit. koncept: Marek Bure\u0161 \/ Michael Gahut re\u017eie\/st\u0159ih: Marek Bure\u0161 kamera: Michael Gahut &nbsp;<\/p>\n","protected":false},"author":3,"featured_media":0,"parent":4,"menu_order":0,"comment_status":"open","ping_status":"open","template":"sablona-reference.php","meta":[],"acf":[],"aioseo_notices":[],"_links":{"self":[{"href":"https:\/\/eniac.red\/cs\/wp-json\/wp\/v2\/pages\/827"}],"collection":[{"href":"https:\/\/eniac.red\/cs\/wp-json\/wp\/v2\/pages"}],"about":[{"href":"https:\/\/eniac.red\/cs\/wp-json\/wp\/v2\/types\/page"}],"author":[{"embeddable":true,"href":"https:\/\/eniac.red\/cs\/wp-json\/wp\/v2\/users\/3"}],"replies":[{"embeddable":true,"href":"https:\/\/eniac.red\/cs\/wp-json\/wp\/v2\/comments?post=827"}],"version-history":[{"count":1,"href":"https:\/\/eniac.red\/cs\/wp-json\/wp\/v2\/pages\/827\/revisions"}],"predecessor-version":[{"id":834,"href":"https:\/\/eniac.red\/cs\/wp-json\/wp\/v2\/pages\/827\/revisions\/834"}],"up":[{"embeddable":true,"href":"https:\/\/eniac.red\/cs\/wp-json\/wp\/v2\/pages\/4"}],"wp:attachment":[{"href":"https:\/\/eniac.red\/cs\/wp-json\/wp\/v2\/media?parent=827"}],"curies":[{"name":"wp","href":"https:\/\/api.w.org\/{rel}","templated":true}]}}