{"id":820,"date":"2015-11-18T09:28:09","date_gmt":"2015-11-18T09:28:09","guid":{"rendered":"http:\/\/www.eniac.cz\/?page_id=820"},"modified":"2015-11-18T09:28:09","modified_gmt":"2015-11-18T09:28:09","slug":"kalup-machines-jager-jacket-teaser","status":"publish","type":"page","link":"https:\/\/eniac.red\/cs\/reference\/kalup-machines-jager-jacket-teaser\/","title":{"rendered":"Kalup Machines &#8211; Jager Jacket teaser"},"content":{"rendered":"<p>Teaser na p\u0159ipravovan\u00fd kr\u00e1tk\u00fd film pro prezentaci zna\u010dky Kalup Machines<\/p>\n<p><strong>re\u017eie\/st\u0159ih:<\/strong> Marek Bure\u0161<\/p>\n<p><strong>kamera:<\/strong> Michael Gahut<\/p>\n","protected":false},"excerpt":{"rendered":"<p>Teaser na p\u0159ipravovan\u00fd kr\u00e1tk\u00fd film pro prezentaci zna\u010dky Kalup Machines re\u017eie\/st\u0159ih: Marek Bure\u0161 kamera: Michael Gahut<\/p>\n","protected":false},"author":3,"featured_media":0,"parent":4,"menu_order":0,"comment_status":"open","ping_status":"open","template":"sablona-reference.php","meta":[],"acf":[],"aioseo_notices":[],"_links":{"self":[{"href":"https:\/\/eniac.red\/cs\/wp-json\/wp\/v2\/pages\/820"}],"collection":[{"href":"https:\/\/eniac.red\/cs\/wp-json\/wp\/v2\/pages"}],"about":[{"href":"https:\/\/eniac.red\/cs\/wp-json\/wp\/v2\/types\/page"}],"author":[{"embeddable":true,"href":"https:\/\/eniac.red\/cs\/wp-json\/wp\/v2\/users\/3"}],"replies":[{"embeddable":true,"href":"https:\/\/eniac.red\/cs\/wp-json\/wp\/v2\/comments?post=820"}],"version-history":[{"count":1,"href":"https:\/\/eniac.red\/cs\/wp-json\/wp\/v2\/pages\/820\/revisions"}],"predecessor-version":[{"id":826,"href":"https:\/\/eniac.red\/cs\/wp-json\/wp\/v2\/pages\/820\/revisions\/826"}],"up":[{"embeddable":true,"href":"https:\/\/eniac.red\/cs\/wp-json\/wp\/v2\/pages\/4"}],"wp:attachment":[{"href":"https:\/\/eniac.red\/cs\/wp-json\/wp\/v2\/media?parent=820"}],"curies":[{"name":"wp","href":"https:\/\/api.w.org\/{rel}","templated":true}]}}