{"id":81,"date":"2013-05-22T18:29:20","date_gmt":"2013-05-22T18:29:20","guid":{"rendered":"http:\/\/www.eniac.cz\/?page_id=81"},"modified":"2013-09-10T11:51:56","modified_gmt":"2013-09-10T11:51:56","slug":"labyrint","status":"publish","type":"page","link":"https:\/\/eniac.red\/cs\/reference\/labyrint\/","title":{"rendered":"Labyrint"},"content":{"rendered":"<p><strong>re\u017eie<\/strong>: Tom\u00e1\u0161 Hou\u0161ka<br \/>\n<strong>kamera<\/strong>: Martin Maty\u00e1\u0161ek \/ Michael Gahut<br \/>\n<strong>st\u0159ih<\/strong>: Marek Bure\u0161<br \/>\n<strong>producent<\/strong>: stoprofilm<\/p>\n","protected":false},"excerpt":{"rendered":"<p>re\u017eie: Tom\u00e1\u0161 Hou\u0161ka kamera: Martin Maty\u00e1\u0161ek \/ Michael Gahut st\u0159ih: Marek Bure\u0161 producent: stoprofilm<\/p>\n","protected":false},"author":1,"featured_media":0,"parent":4,"menu_order":0,"comment_status":"open","ping_status":"open","template":"sablona-reference.php","meta":[],"acf":[],"aioseo_notices":[],"_links":{"self":[{"href":"https:\/\/eniac.red\/cs\/wp-json\/wp\/v2\/pages\/81"}],"collection":[{"href":"https:\/\/eniac.red\/cs\/wp-json\/wp\/v2\/pages"}],"about":[{"href":"https:\/\/eniac.red\/cs\/wp-json\/wp\/v2\/types\/page"}],"author":[{"embeddable":true,"href":"https:\/\/eniac.red\/cs\/wp-json\/wp\/v2\/users\/1"}],"replies":[{"embeddable":true,"href":"https:\/\/eniac.red\/cs\/wp-json\/wp\/v2\/comments?post=81"}],"version-history":[{"count":9,"href":"https:\/\/eniac.red\/cs\/wp-json\/wp\/v2\/pages\/81\/revisions"}],"predecessor-version":[{"id":1869,"href":"https:\/\/eniac.red\/cs\/wp-json\/wp\/v2\/pages\/81\/revisions\/1869"}],"up":[{"embeddable":true,"href":"https:\/\/eniac.red\/cs\/wp-json\/wp\/v2\/pages\/4"}],"wp:attachment":[{"href":"https:\/\/eniac.red\/cs\/wp-json\/wp\/v2\/media?parent=81"}],"curies":[{"name":"wp","href":"https:\/\/api.w.org\/{rel}","templated":true}]}}