{"id":790,"date":"2015-06-12T14:21:38","date_gmt":"2015-06-12T14:21:38","guid":{"rendered":"http:\/\/www.eniac.cz\/?page_id=790"},"modified":"2015-06-12T14:21:38","modified_gmt":"2015-06-12T14:21:38","slug":"apetit-piknik","status":"publish","type":"page","link":"https:\/\/eniac.red\/cs\/reference\/apetit-piknik\/","title":{"rendered":"Apetit Piknik"},"content":{"rendered":"<p>Reklnamn\u00ed spot pro vydavatelstv\u00ed Burda<\/p>\n<p>st\u0159ih: Marek Bure\u0161<br \/>\nbarevn\u00e9 korekce: Michael Gahut<\/p>\n","protected":false},"excerpt":{"rendered":"<p>Reklnamn\u00ed spot pro vydavatelstv\u00ed Burda st\u0159ih: Marek Bure\u0161 barevn\u00e9 korekce: Michael Gahut<\/p>\n","protected":false},"author":3,"featured_media":0,"parent":4,"menu_order":0,"comment_status":"open","ping_status":"open","template":"sablona-reference.php","meta":[],"acf":[],"aioseo_notices":[],"_links":{"self":[{"href":"https:\/\/eniac.red\/cs\/wp-json\/wp\/v2\/pages\/790"}],"collection":[{"href":"https:\/\/eniac.red\/cs\/wp-json\/wp\/v2\/pages"}],"about":[{"href":"https:\/\/eniac.red\/cs\/wp-json\/wp\/v2\/types\/page"}],"author":[{"embeddable":true,"href":"https:\/\/eniac.red\/cs\/wp-json\/wp\/v2\/users\/3"}],"replies":[{"embeddable":true,"href":"https:\/\/eniac.red\/cs\/wp-json\/wp\/v2\/comments?post=790"}],"version-history":[{"count":2,"href":"https:\/\/eniac.red\/cs\/wp-json\/wp\/v2\/pages\/790\/revisions"}],"predecessor-version":[{"id":2142,"href":"https:\/\/eniac.red\/cs\/wp-json\/wp\/v2\/pages\/790\/revisions\/2142"}],"up":[{"embeddable":true,"href":"https:\/\/eniac.red\/cs\/wp-json\/wp\/v2\/pages\/4"}],"wp:attachment":[{"href":"https:\/\/eniac.red\/cs\/wp-json\/wp\/v2\/media?parent=790"}],"curies":[{"name":"wp","href":"https:\/\/api.w.org\/{rel}","templated":true}]}}