{"id":779,"date":"2015-06-12T14:11:42","date_gmt":"2015-06-12T14:11:42","guid":{"rendered":"http:\/\/www.eniac.cz\/?page_id=779"},"modified":"2016-07-25T07:39:01","modified_gmt":"2016-07-25T07:39:01","slug":"vapenna-sinfonietta","status":"publish","type":"page","link":"https:\/\/eniac.red\/cs\/reference\/vapenna-sinfonietta\/","title":{"rendered":"V\u00e1penna Sinfonietta"},"content":{"rendered":"<hr \/>\n<p>Vapenn\u00e1 symfonie<br \/>\nFilm je koncipov\u00e1n jako industri\u00e1ln\u00ed b\u00e1se\u0148 pro v\u00e1penku a komorn\u00ed orchestr Berg. Ji\u017e del\u0161\u00ed dobu p\u0159ed objedn\u00e1vkou od hudebn\u00edho festivalu Pra\u017esk\u00e9 jaro vznikala v hlav\u00e1ch jeho t\u0159\u00ed tv\u016frc\u016f my\u0161lenka ztv\u00e1rnit hudebn\u011b, obrazovou, filmovou b\u00e1se\u0148, kter\u00e1 bude odkazovat k industri\u00e1ln\u00ed estetice. Pro napln\u011bn\u00ed t\u00e9to formy jsme nakonec zvolili v\u00e1penku \u010certovy schody, kter\u00e1 se romanticky zakusuje sv\u00fdm lomem do Brdsk\u00e9 vrchoviny. Tov\u00e1rna kter\u00e1 v sob\u011b nese nezastaviteln\u00fd koloto\u010d v\u00fdroby, nen\u00ed p\u0159\u00edli\u0161 p\u0159\u00edv\u011btiv\u00fdm prostorem pro nat\u00e1\u010den\u00ed film\u016f, ale pod n\u00e1nosy v\u00e1penn\u00e9ho prachu se pro n\u00e1s stala velk\u00fdm inspiruj\u00edc\u00edm momentem nejen po str\u00e1nce obrazov\u00e9 , ale p\u0159edev\u0161\u00edm zvukov\u011b hudebn\u00ed.<br \/>\nNaprosto kl\u00ed\u010dovou \u00falohu v cel\u00e9m filmu hraje hudba, kter\u00e1 nejen \u017ee dokresluje celkovou atmosf\u00e9ru obrazu, ale p\u0159edev\u0161\u00edm v sob\u011b nese unik\u00e1tn\u00ed narativn\u00ed linii, proto\u017ee konceptu\u00e1ln\u011b vych\u00e1z\u00ed z rytmu samotn\u00e9ho provozu v\u00fdroby v\u00e1pna. D\u00edky tomuto spojen\u00ed vznikla tato skladba pro komorn\u00ed orchestr a v\u00e1penku.<\/p>\n<p>Skladba je jednov\u011bt\u00e1 a \u010d\u00e1st jej\u00edho n\u00e1zvu &#8220;sinfonietta&#8221; je proto pouze ilustrativn\u00ed, p\u0159esto v\u0161ak mysl\u00edme, \u017ee krom\u011b charakteru kol\u00e1\u017ee slo\u017een\u00e9 ze zvuk\u016f a obraz\u016f inspirovan\u00fdch industri\u00e1ln\u00ed v\u00fdrobou s sebou ztv\u00e1rn\u011bn\u00ed cel\u00e9ho v\u00fdrobn\u00edho procesu nese rovn\u011b\u017e v\u00fdznamn\u00fd tektonick\u00fd prvek, a p\u0159edev\u0161\u00edm poukaz na skute\u010dnost, \u017ee produkt\u016f ka\u017edodenn\u00edho \u017eivota a lid\u00ed, kte\u0159\u00ed se na jejich v\u00fdrob\u011b anga\u017euj\u00ed, je t\u0159eba si v\u00e1\u017eit, a ka\u017ed\u00fd den si uv\u011bdomovat, \u017ee v\u011bci denn\u00ed spot\u0159eby jsou vlastn\u011b mal\u00fdm z\u00e1zrakem.<\/p>\n<p>koncept \/ re\u017eie: Marek Bure\u0161<br \/>\nkamera: Michael Gahut<br \/>\nhudba: Petr Wajsar<br \/>\nst\u0159ih: Marek Bure\u0161 \/ Petr Wajsar<\/p>\n","protected":false},"excerpt":{"rendered":"<p>Vapenn\u00e1 symfonie Film je koncipov\u00e1n jako industri\u00e1ln\u00ed b\u00e1se\u0148 pro v\u00e1penku a komorn\u00ed orchestr Berg. Ji\u017e del\u0161\u00ed dobu p\u0159ed objedn\u00e1vkou od hudebn\u00edho festivalu Pra\u017esk\u00e9 jaro vznikala v hlav\u00e1ch jeho t\u0159\u00ed tv\u016frc\u016f my\u0161lenka ztv\u00e1rnit hudebn\u011b, obrazovou, filmovou b\u00e1se\u0148, kter\u00e1 bude odkazovat k industri\u00e1ln\u00ed estetice. Pro napln\u011bn\u00ed t\u00e9to formy jsme nakonec zvolili v\u00e1penku \u010certovy schody, kter\u00e1 se romanticky [&hellip;]<\/p>\n","protected":false},"author":3,"featured_media":0,"parent":4,"menu_order":0,"comment_status":"open","ping_status":"open","template":"sablona-reference.php","meta":[],"acf":[],"aioseo_notices":[],"_links":{"self":[{"href":"https:\/\/eniac.red\/cs\/wp-json\/wp\/v2\/pages\/779"}],"collection":[{"href":"https:\/\/eniac.red\/cs\/wp-json\/wp\/v2\/pages"}],"about":[{"href":"https:\/\/eniac.red\/cs\/wp-json\/wp\/v2\/types\/page"}],"author":[{"embeddable":true,"href":"https:\/\/eniac.red\/cs\/wp-json\/wp\/v2\/users\/3"}],"replies":[{"embeddable":true,"href":"https:\/\/eniac.red\/cs\/wp-json\/wp\/v2\/comments?post=779"}],"version-history":[{"count":3,"href":"https:\/\/eniac.red\/cs\/wp-json\/wp\/v2\/pages\/779\/revisions"}],"predecessor-version":[{"id":902,"href":"https:\/\/eniac.red\/cs\/wp-json\/wp\/v2\/pages\/779\/revisions\/902"}],"up":[{"embeddable":true,"href":"https:\/\/eniac.red\/cs\/wp-json\/wp\/v2\/pages\/4"}],"wp:attachment":[{"href":"https:\/\/eniac.red\/cs\/wp-json\/wp\/v2\/media?parent=779"}],"curies":[{"name":"wp","href":"https:\/\/api.w.org\/{rel}","templated":true}]}}