{"id":773,"date":"2015-05-13T08:50:54","date_gmt":"2015-05-13T08:50:54","guid":{"rendered":"http:\/\/www.eniac.cz\/?page_id=773"},"modified":"2015-05-13T08:50:54","modified_gmt":"2015-05-13T08:50:54","slug":"ids-barrandov-kino","status":"publish","type":"page","link":"https:\/\/eniac.red\/cs\/reference\/ids-barrandov-kino\/","title":{"rendered":"IDs Barrandov Kino"},"content":{"rendered":"<p>Realizace Ident\u016f pro nov\u00fd program <strong>Barrandov Kino<\/strong><\/p>\n<p><strong>re\u017eie:<\/strong> Martin Pokorn\u00fd<br \/>\n<strong>kamera:<\/strong> Micheale Gahut<br \/>\n<strong>st\u0159ih:<\/strong> Marek Bure\u0161<\/p>\n<p>Postprodukce ENIAC a Martin Pokorn\u00fd.<\/p>\n","protected":false},"excerpt":{"rendered":"<p>Realizace Ident\u016f pro nov\u00fd program Barrandov Kino re\u017eie: Martin Pokorn\u00fd kamera: Micheale Gahut st\u0159ih: Marek Bure\u0161 Postprodukce ENIAC a Martin Pokorn\u00fd.<\/p>\n","protected":false},"author":3,"featured_media":0,"parent":4,"menu_order":0,"comment_status":"open","ping_status":"open","template":"sablona-reference.php","meta":[],"acf":[],"aioseo_notices":[],"_links":{"self":[{"href":"https:\/\/eniac.red\/cs\/wp-json\/wp\/v2\/pages\/773"}],"collection":[{"href":"https:\/\/eniac.red\/cs\/wp-json\/wp\/v2\/pages"}],"about":[{"href":"https:\/\/eniac.red\/cs\/wp-json\/wp\/v2\/types\/page"}],"author":[{"embeddable":true,"href":"https:\/\/eniac.red\/cs\/wp-json\/wp\/v2\/users\/3"}],"replies":[{"embeddable":true,"href":"https:\/\/eniac.red\/cs\/wp-json\/wp\/v2\/comments?post=773"}],"version-history":[{"count":2,"href":"https:\/\/eniac.red\/cs\/wp-json\/wp\/v2\/pages\/773\/revisions"}],"predecessor-version":[{"id":1858,"href":"https:\/\/eniac.red\/cs\/wp-json\/wp\/v2\/pages\/773\/revisions\/1858"}],"up":[{"embeddable":true,"href":"https:\/\/eniac.red\/cs\/wp-json\/wp\/v2\/pages\/4"}],"wp:attachment":[{"href":"https:\/\/eniac.red\/cs\/wp-json\/wp\/v2\/media?parent=773"}],"curies":[{"name":"wp","href":"https:\/\/api.w.org\/{rel}","templated":true}]}}