{"id":706,"date":"2015-01-29T09:33:19","date_gmt":"2015-01-29T09:33:19","guid":{"rendered":"http:\/\/www.eniac.cz\/?page_id=706"},"modified":"2015-01-29T09:38:06","modified_gmt":"2015-01-29T09:38:06","slug":"konica-minolta","status":"publish","type":"page","link":"https:\/\/eniac.red\/cs\/reference\/konica-minolta\/","title":{"rendered":"KONICA MINOLTA"},"content":{"rendered":"<p>Explainer video doconiCase<\/p>\n<p><strong>koncept:<\/strong> Jaroslav Kom\u00e1rek<br \/>\n<strong>re\u017eie:<\/strong> Marek Bure\u0161<br \/>\n<strong>klient:<\/strong> Konica Minolta<\/p>\n","protected":false},"excerpt":{"rendered":"<p>Explainer video doconiCase koncept: Jaroslav Kom\u00e1rek re\u017eie: Marek Bure\u0161 klient: Konica Minolta<\/p>\n","protected":false},"author":3,"featured_media":0,"parent":4,"menu_order":0,"comment_status":"open","ping_status":"open","template":"sablona-reference.php","meta":[],"acf":[],"aioseo_notices":[],"_links":{"self":[{"href":"https:\/\/eniac.red\/cs\/wp-json\/wp\/v2\/pages\/706"}],"collection":[{"href":"https:\/\/eniac.red\/cs\/wp-json\/wp\/v2\/pages"}],"about":[{"href":"https:\/\/eniac.red\/cs\/wp-json\/wp\/v2\/types\/page"}],"author":[{"embeddable":true,"href":"https:\/\/eniac.red\/cs\/wp-json\/wp\/v2\/users\/3"}],"replies":[{"embeddable":true,"href":"https:\/\/eniac.red\/cs\/wp-json\/wp\/v2\/comments?post=706"}],"version-history":[{"count":2,"href":"https:\/\/eniac.red\/cs\/wp-json\/wp\/v2\/pages\/706\/revisions"}],"predecessor-version":[{"id":713,"href":"https:\/\/eniac.red\/cs\/wp-json\/wp\/v2\/pages\/706\/revisions\/713"}],"up":[{"embeddable":true,"href":"https:\/\/eniac.red\/cs\/wp-json\/wp\/v2\/pages\/4"}],"wp:attachment":[{"href":"https:\/\/eniac.red\/cs\/wp-json\/wp\/v2\/media?parent=706"}],"curies":[{"name":"wp","href":"https:\/\/api.w.org\/{rel}","templated":true}]}}