{"id":7,"date":"2013-05-21T09:15:47","date_gmt":"2013-05-21T09:15:47","guid":{"rendered":"http:\/\/www.eniac.cz\/?page_id=7"},"modified":"2013-06-09T20:41:54","modified_gmt":"2013-06-09T20:41:54","slug":"muj-vysleceny-denik","status":"publish","type":"page","link":"https:\/\/eniac.red\/cs\/reference\/muj-vysleceny-denik\/","title":{"rendered":"M\u016fj vysle\u010den\u00fd den\u00edk"},"content":{"rendered":"<p><strong>re\u017eie<\/strong>: Martin Dolensk\u00fd<br \/>\n<strong>kamera<\/strong>: Michael Gahut<br \/>\n<strong>st\u0159ih<\/strong>: Jan Da\u0148hel<br \/>\n<strong>producent:\u00a0<\/strong>stoprofilm<\/p>\n","protected":false},"excerpt":{"rendered":"<p>re\u017eie: Martin Dolensk\u00fd kamera: Michael Gahut st\u0159ih: Jan Da\u0148hel producent:\u00a0stoprofilm<\/p>\n","protected":false},"author":1,"featured_media":0,"parent":4,"menu_order":0,"comment_status":"open","ping_status":"open","template":"sablona-reference.php","meta":[],"acf":[],"aioseo_notices":[],"_links":{"self":[{"href":"https:\/\/eniac.red\/cs\/wp-json\/wp\/v2\/pages\/7"}],"collection":[{"href":"https:\/\/eniac.red\/cs\/wp-json\/wp\/v2\/pages"}],"about":[{"href":"https:\/\/eniac.red\/cs\/wp-json\/wp\/v2\/types\/page"}],"author":[{"embeddable":true,"href":"https:\/\/eniac.red\/cs\/wp-json\/wp\/v2\/users\/1"}],"replies":[{"embeddable":true,"href":"https:\/\/eniac.red\/cs\/wp-json\/wp\/v2\/comments?post=7"}],"version-history":[{"count":10,"href":"https:\/\/eniac.red\/cs\/wp-json\/wp\/v2\/pages\/7\/revisions"}],"predecessor-version":[{"id":298,"href":"https:\/\/eniac.red\/cs\/wp-json\/wp\/v2\/pages\/7\/revisions\/298"}],"up":[{"embeddable":true,"href":"https:\/\/eniac.red\/cs\/wp-json\/wp\/v2\/pages\/4"}],"wp:attachment":[{"href":"https:\/\/eniac.red\/cs\/wp-json\/wp\/v2\/media?parent=7"}],"curies":[{"name":"wp","href":"https:\/\/api.w.org\/{rel}","templated":true}]}}