{"id":687,"date":"2014-12-12T09:54:48","date_gmt":"2014-12-12T09:54:48","guid":{"rendered":"http:\/\/www.eniac.cz\/?page_id=687"},"modified":"2014-12-12T09:55:09","modified_gmt":"2014-12-12T09:55:09","slug":"kalup-machines","status":"publish","type":"page","link":"https:\/\/eniac.red\/cs\/reference\/kalup-machines\/","title":{"rendered":"Kalup Machines"},"content":{"rendered":"<p><strong>re\u017eie:<\/strong> Pavel Hluch\u00fd<br \/>\n<strong>kamera:<\/strong> Standa Merhout<br \/>\n<strong>st\u0159ih:<\/strong> Marek Bure\u0161<br \/>\n<strong>klient:<\/strong> Kalup Machunes<\/p>\n<p>TO MEASURE TO PLEASURE \u2013 VIDEO GUIDE<br \/>\nwww.kalup.com<\/p>\n","protected":false},"excerpt":{"rendered":"<p>re\u017eie: Pavel Hluch\u00fd kamera: Standa Merhout st\u0159ih: Marek Bure\u0161 klient: Kalup Machunes TO MEASURE TO PLEASURE \u2013 VIDEO GUIDE www.kalup.com<\/p>\n","protected":false},"author":3,"featured_media":0,"parent":4,"menu_order":0,"comment_status":"open","ping_status":"open","template":"sablona-reference.php","meta":[],"acf":[],"aioseo_notices":[],"_links":{"self":[{"href":"https:\/\/eniac.red\/cs\/wp-json\/wp\/v2\/pages\/687"}],"collection":[{"href":"https:\/\/eniac.red\/cs\/wp-json\/wp\/v2\/pages"}],"about":[{"href":"https:\/\/eniac.red\/cs\/wp-json\/wp\/v2\/types\/page"}],"author":[{"embeddable":true,"href":"https:\/\/eniac.red\/cs\/wp-json\/wp\/v2\/users\/3"}],"replies":[{"embeddable":true,"href":"https:\/\/eniac.red\/cs\/wp-json\/wp\/v2\/comments?post=687"}],"version-history":[{"count":1,"href":"https:\/\/eniac.red\/cs\/wp-json\/wp\/v2\/pages\/687\/revisions"}],"predecessor-version":[{"id":693,"href":"https:\/\/eniac.red\/cs\/wp-json\/wp\/v2\/pages\/687\/revisions\/693"}],"up":[{"embeddable":true,"href":"https:\/\/eniac.red\/cs\/wp-json\/wp\/v2\/pages\/4"}],"wp:attachment":[{"href":"https:\/\/eniac.red\/cs\/wp-json\/wp\/v2\/media?parent=687"}],"curies":[{"name":"wp","href":"https:\/\/api.w.org\/{rel}","templated":true}]}}