{"id":677,"date":"2014-12-05T10:56:04","date_gmt":"2014-12-05T10:56:04","guid":{"rendered":"http:\/\/www.eniac.cz\/?page_id=677"},"modified":"2014-12-05T10:56:04","modified_gmt":"2014-12-05T10:56:04","slug":"iva-pazderkova","status":"publish","type":"page","link":"https:\/\/eniac.red\/cs\/reference\/iva-pazderkova\/","title":{"rendered":"Iva Pazderkov\u00e1"},"content":{"rendered":"<p><strong>re\u017eie:<\/strong> Pavel \u0160im\u00e1k<br \/>\n<strong>kamera:<\/strong> Michael Gahut<br \/>\n<strong>st\u0159ih:<\/strong> Marek Bure\u0161<\/p>\n<p>Videoklip pro Ivu Pazderkovou k p\u00edsni &#8220;A\u017e&#8221;<\/p>\n","protected":false},"excerpt":{"rendered":"<p>re\u017eie: Pavel \u0160im\u00e1k kamera: Michael Gahut st\u0159ih: Marek Bure\u0161 Videoklip pro Ivu Pazderkovou k p\u00edsni &#8220;A\u017e&#8221;<\/p>\n","protected":false},"author":3,"featured_media":0,"parent":4,"menu_order":0,"comment_status":"open","ping_status":"open","template":"sablona-reference.php","meta":[],"acf":[],"aioseo_notices":[],"_links":{"self":[{"href":"https:\/\/eniac.red\/cs\/wp-json\/wp\/v2\/pages\/677"}],"collection":[{"href":"https:\/\/eniac.red\/cs\/wp-json\/wp\/v2\/pages"}],"about":[{"href":"https:\/\/eniac.red\/cs\/wp-json\/wp\/v2\/types\/page"}],"author":[{"embeddable":true,"href":"https:\/\/eniac.red\/cs\/wp-json\/wp\/v2\/users\/3"}],"replies":[{"embeddable":true,"href":"https:\/\/eniac.red\/cs\/wp-json\/wp\/v2\/comments?post=677"}],"version-history":[{"count":1,"href":"https:\/\/eniac.red\/cs\/wp-json\/wp\/v2\/pages\/677\/revisions"}],"predecessor-version":[{"id":685,"href":"https:\/\/eniac.red\/cs\/wp-json\/wp\/v2\/pages\/677\/revisions\/685"}],"up":[{"embeddable":true,"href":"https:\/\/eniac.red\/cs\/wp-json\/wp\/v2\/pages\/4"}],"wp:attachment":[{"href":"https:\/\/eniac.red\/cs\/wp-json\/wp\/v2\/media?parent=677"}],"curies":[{"name":"wp","href":"https:\/\/api.w.org\/{rel}","templated":true}]}}