{"id":665,"date":"2014-12-03T11:52:52","date_gmt":"2014-12-03T11:52:52","guid":{"rendered":"http:\/\/www.eniac.cz\/?page_id=665"},"modified":"2014-12-14T20:53:22","modified_gmt":"2014-12-14T20:53:22","slug":"yelow-sisters-2","status":"publish","type":"page","link":"https:\/\/eniac.red\/cs\/reference\/yelow-sisters-2\/","title":{"rendered":"Yellow Sisters"},"content":{"rendered":"<p><strong>re\u017eie<\/strong>: Marek Bure\u0161<br \/>\n<strong>kamera<\/strong>: Michael Gahut<br \/>\n<strong>st\u0159ih<\/strong>: Marek Bure\u0161<br \/>\n<strong>producent:\u00a0<\/strong>BackLight fims<\/p>\n<p>Videokli pro skladbu Stra\u0161n\u00e1 Zv\u00ed\u0159ata \/ album Zv\u011b\u0159inec<\/p>\n","protected":false},"excerpt":{"rendered":"<p>re\u017eie: Marek Bure\u0161 kamera: Michael Gahut st\u0159ih: Marek Bure\u0161 producent:\u00a0BackLight fims Videokli pro skladbu Stra\u0161n\u00e1 Zv\u00ed\u0159ata \/ album Zv\u011b\u0159inec<\/p>\n","protected":false},"author":3,"featured_media":0,"parent":4,"menu_order":0,"comment_status":"open","ping_status":"open","template":"sablona-reference.php","meta":[],"acf":[],"aioseo_notices":[],"_links":{"self":[{"href":"https:\/\/eniac.red\/cs\/wp-json\/wp\/v2\/pages\/665"}],"collection":[{"href":"https:\/\/eniac.red\/cs\/wp-json\/wp\/v2\/pages"}],"about":[{"href":"https:\/\/eniac.red\/cs\/wp-json\/wp\/v2\/types\/page"}],"author":[{"embeddable":true,"href":"https:\/\/eniac.red\/cs\/wp-json\/wp\/v2\/users\/3"}],"replies":[{"embeddable":true,"href":"https:\/\/eniac.red\/cs\/wp-json\/wp\/v2\/comments?post=665"}],"version-history":[{"count":6,"href":"https:\/\/eniac.red\/cs\/wp-json\/wp\/v2\/pages\/665\/revisions"}],"predecessor-version":[{"id":699,"href":"https:\/\/eniac.red\/cs\/wp-json\/wp\/v2\/pages\/665\/revisions\/699"}],"up":[{"embeddable":true,"href":"https:\/\/eniac.red\/cs\/wp-json\/wp\/v2\/pages\/4"}],"wp:attachment":[{"href":"https:\/\/eniac.red\/cs\/wp-json\/wp\/v2\/media?parent=665"}],"curies":[{"name":"wp","href":"https:\/\/api.w.org\/{rel}","templated":true}]}}