{"id":650,"date":"2014-12-03T11:26:07","date_gmt":"2014-12-03T11:26:07","guid":{"rendered":"http:\/\/www.eniac.cz\/?page_id=650"},"modified":"2015-02-04T20:03:02","modified_gmt":"2015-02-04T20:03:02","slug":"medusa","status":"publish","type":"page","link":"https:\/\/eniac.red\/cs\/reference\/medusa\/","title":{"rendered":"Medusa"},"content":{"rendered":"<p><strong>re\u017eie<\/strong>: Anne Claire Barriga<br \/>\n<strong>kamera<\/strong>: Michael Gahut<br \/>\n<strong>st\u0159ih<\/strong>: Marek Bure\u0161<br \/>\n<strong>producent:\u00a0<\/strong>BackLight films<\/p>\n","protected":false},"excerpt":{"rendered":"<p>re\u017eie: Anne Claire Barriga kamera: Michael Gahut st\u0159ih: Marek Bure\u0161 producent:\u00a0BackLight films<\/p>\n","protected":false},"author":3,"featured_media":0,"parent":4,"menu_order":0,"comment_status":"open","ping_status":"open","template":"sablona-reference.php","meta":[],"acf":[],"aioseo_notices":[],"_links":{"self":[{"href":"https:\/\/eniac.red\/cs\/wp-json\/wp\/v2\/pages\/650"}],"collection":[{"href":"https:\/\/eniac.red\/cs\/wp-json\/wp\/v2\/pages"}],"about":[{"href":"https:\/\/eniac.red\/cs\/wp-json\/wp\/v2\/types\/page"}],"author":[{"embeddable":true,"href":"https:\/\/eniac.red\/cs\/wp-json\/wp\/v2\/users\/3"}],"replies":[{"embeddable":true,"href":"https:\/\/eniac.red\/cs\/wp-json\/wp\/v2\/comments?post=650"}],"version-history":[{"count":1,"href":"https:\/\/eniac.red\/cs\/wp-json\/wp\/v2\/pages\/650\/revisions"}],"predecessor-version":[{"id":658,"href":"https:\/\/eniac.red\/cs\/wp-json\/wp\/v2\/pages\/650\/revisions\/658"}],"up":[{"embeddable":true,"href":"https:\/\/eniac.red\/cs\/wp-json\/wp\/v2\/pages\/4"}],"wp:attachment":[{"href":"https:\/\/eniac.red\/cs\/wp-json\/wp\/v2\/media?parent=650"}],"curies":[{"name":"wp","href":"https:\/\/api.w.org\/{rel}","templated":true}]}}