{"id":638,"date":"2014-08-12T15:18:25","date_gmt":"2014-08-12T15:18:25","guid":{"rendered":"http:\/\/www.eniac.cz\/?page_id=638"},"modified":"2014-08-12T15:18:47","modified_gmt":"2014-08-12T15:18:47","slug":"banal-fatal","status":"publish","type":"page","link":"https:\/\/eniac.red\/cs\/reference\/banal-fatal\/","title":{"rendered":"Banal Fatal"},"content":{"rendered":"<p>Vir\u00e1ln\u00ed spot pro www.banalfatal.cz<\/p>\n<p><strong>re\u017eie:<\/strong> Jan T\u011b\u0161itel<br \/>\n<strong>DOP:<\/strong> Vojt\u011bch Van\u010dura<br \/>\n<strong>produkce:<\/strong> Savage<\/p>\n","protected":false},"excerpt":{"rendered":"<p>Vir\u00e1ln\u00ed spot pro www.banalfatal.cz re\u017eie: Jan T\u011b\u0161itel DOP: Vojt\u011bch Van\u010dura produkce: Savage<\/p>\n","protected":false},"author":3,"featured_media":0,"parent":4,"menu_order":0,"comment_status":"open","ping_status":"open","template":"sablona-reference.php","meta":[],"acf":[],"aioseo_notices":[],"_links":{"self":[{"href":"https:\/\/eniac.red\/cs\/wp-json\/wp\/v2\/pages\/638"}],"collection":[{"href":"https:\/\/eniac.red\/cs\/wp-json\/wp\/v2\/pages"}],"about":[{"href":"https:\/\/eniac.red\/cs\/wp-json\/wp\/v2\/types\/page"}],"author":[{"embeddable":true,"href":"https:\/\/eniac.red\/cs\/wp-json\/wp\/v2\/users\/3"}],"replies":[{"embeddable":true,"href":"https:\/\/eniac.red\/cs\/wp-json\/wp\/v2\/comments?post=638"}],"version-history":[{"count":2,"href":"https:\/\/eniac.red\/cs\/wp-json\/wp\/v2\/pages\/638\/revisions"}],"predecessor-version":[{"id":645,"href":"https:\/\/eniac.red\/cs\/wp-json\/wp\/v2\/pages\/638\/revisions\/645"}],"up":[{"embeddable":true,"href":"https:\/\/eniac.red\/cs\/wp-json\/wp\/v2\/pages\/4"}],"wp:attachment":[{"href":"https:\/\/eniac.red\/cs\/wp-json\/wp\/v2\/media?parent=638"}],"curies":[{"name":"wp","href":"https:\/\/api.w.org\/{rel}","templated":true}]}}