{"id":625,"date":"2014-07-03T15:44:49","date_gmt":"2014-07-03T15:44:49","guid":{"rendered":"http:\/\/www.eniac.cz\/?page_id=625"},"modified":"2014-07-03T15:46:15","modified_gmt":"2014-07-03T15:46:15","slug":"625-2","status":"publish","type":"page","link":"https:\/\/eniac.red\/cs\/reference\/625-2\/","title":{"rendered":"Letn\u00ed IDs &#8211; TV Prima"},"content":{"rendered":"<p><strong>re\u017eie:<\/strong> Filip Racek<br \/>\n<strong>kamera:<\/strong> Marek Dvo\u0159\u00e1k<br \/>\n<strong>klient:<\/strong> FTV Prima<\/p>\n","protected":false},"excerpt":{"rendered":"<p>re\u017eie: Filip Racek kamera: Marek Dvo\u0159\u00e1k klient: FTV Prima<\/p>\n","protected":false},"author":3,"featured_media":0,"parent":4,"menu_order":0,"comment_status":"open","ping_status":"open","template":"sablona-reference.php","meta":[],"acf":[],"aioseo_notices":[],"_links":{"self":[{"href":"https:\/\/eniac.red\/cs\/wp-json\/wp\/v2\/pages\/625"}],"collection":[{"href":"https:\/\/eniac.red\/cs\/wp-json\/wp\/v2\/pages"}],"about":[{"href":"https:\/\/eniac.red\/cs\/wp-json\/wp\/v2\/types\/page"}],"author":[{"embeddable":true,"href":"https:\/\/eniac.red\/cs\/wp-json\/wp\/v2\/users\/3"}],"replies":[{"embeddable":true,"href":"https:\/\/eniac.red\/cs\/wp-json\/wp\/v2\/comments?post=625"}],"version-history":[{"count":3,"href":"https:\/\/eniac.red\/cs\/wp-json\/wp\/v2\/pages\/625\/revisions"}],"predecessor-version":[{"id":635,"href":"https:\/\/eniac.red\/cs\/wp-json\/wp\/v2\/pages\/625\/revisions\/635"}],"up":[{"embeddable":true,"href":"https:\/\/eniac.red\/cs\/wp-json\/wp\/v2\/pages\/4"}],"wp:attachment":[{"href":"https:\/\/eniac.red\/cs\/wp-json\/wp\/v2\/media?parent=625"}],"curies":[{"name":"wp","href":"https:\/\/api.w.org\/{rel}","templated":true}]}}