{"id":603,"date":"2014-06-23T12:18:38","date_gmt":"2014-06-23T12:18:38","guid":{"rendered":"http:\/\/www.eniac.cz\/?page_id=603"},"modified":"2014-06-23T12:18:38","modified_gmt":"2014-06-23T12:18:38","slug":"rybicky48-vazene-dany","status":"publish","type":"page","link":"https:\/\/eniac.red\/cs\/reference\/rybicky48-vazene-dany\/","title":{"rendered":"Rybi\u010dky48 &#8211; V\u00e1\u017een\u00e9 D\u00e1ny"},"content":{"rendered":"<p><b>re\u017eie:\u00a0<\/b>Martin Linhart<br \/>\n<strong>kamera:\u00a0<\/strong>Martin Klimpar<\/p>\n","protected":false},"excerpt":{"rendered":"<p>re\u017eie:\u00a0Martin Linhart kamera:\u00a0Martin Klimpar<\/p>\n","protected":false},"author":3,"featured_media":0,"parent":4,"menu_order":0,"comment_status":"open","ping_status":"open","template":"sablona-reference.php","meta":[],"acf":[],"aioseo_notices":[],"_links":{"self":[{"href":"https:\/\/eniac.red\/cs\/wp-json\/wp\/v2\/pages\/603"}],"collection":[{"href":"https:\/\/eniac.red\/cs\/wp-json\/wp\/v2\/pages"}],"about":[{"href":"https:\/\/eniac.red\/cs\/wp-json\/wp\/v2\/types\/page"}],"author":[{"embeddable":true,"href":"https:\/\/eniac.red\/cs\/wp-json\/wp\/v2\/users\/3"}],"replies":[{"embeddable":true,"href":"https:\/\/eniac.red\/cs\/wp-json\/wp\/v2\/comments?post=603"}],"version-history":[{"count":2,"href":"https:\/\/eniac.red\/cs\/wp-json\/wp\/v2\/pages\/603\/revisions"}],"predecessor-version":[{"id":1888,"href":"https:\/\/eniac.red\/cs\/wp-json\/wp\/v2\/pages\/603\/revisions\/1888"}],"up":[{"embeddable":true,"href":"https:\/\/eniac.red\/cs\/wp-json\/wp\/v2\/pages\/4"}],"wp:attachment":[{"href":"https:\/\/eniac.red\/cs\/wp-json\/wp\/v2\/media?parent=603"}],"curies":[{"name":"wp","href":"https:\/\/api.w.org\/{rel}","templated":true}]}}