{"id":578,"date":"2014-04-01T15:04:27","date_gmt":"2014-04-01T15:04:27","guid":{"rendered":"http:\/\/www.eniac.cz\/?page_id=578"},"modified":"2014-12-03T11:27:46","modified_gmt":"2014-12-03T11:27:46","slug":"plezir","status":"publish","type":"page","link":"https:\/\/eniac.red\/cs\/reference\/plezir\/","title":{"rendered":"Plez\u00edr"},"content":{"rendered":"<p>Stereoskopick\u00e9 kr\u00e1tk\u00e9 image video pro doprovod m\u00f3dn\u00ed p\u0159ehl\u00eddky student\u016f VO\u0160ON<\/p>\n<p><strong>re\u017eie:\u00a0<\/strong>F.A.Brabec<br \/>\n<strong>kamera:\u00a0<\/strong>F.A.Brabec<br \/>\n<strong>st\u0159ih:\u00a0<\/strong>Marek Bure\u0161<br \/>\n<strong>klient:\u00a0<\/strong>VO\u0160ON<\/p>\n","protected":false},"excerpt":{"rendered":"<p>Stereoskopick\u00e9 kr\u00e1tk\u00e9 image video pro doprovod m\u00f3dn\u00ed p\u0159ehl\u00eddky student\u016f VO\u0160ON re\u017eie:\u00a0F.A.Brabec kamera:\u00a0F.A.Brabec st\u0159ih:\u00a0Marek Bure\u0161 klient:\u00a0VO\u0160ON<\/p>\n","protected":false},"author":3,"featured_media":0,"parent":4,"menu_order":0,"comment_status":"open","ping_status":"open","template":"sablona-reference.php","meta":[],"acf":[],"aioseo_notices":[],"_links":{"self":[{"href":"https:\/\/eniac.red\/cs\/wp-json\/wp\/v2\/pages\/578"}],"collection":[{"href":"https:\/\/eniac.red\/cs\/wp-json\/wp\/v2\/pages"}],"about":[{"href":"https:\/\/eniac.red\/cs\/wp-json\/wp\/v2\/types\/page"}],"author":[{"embeddable":true,"href":"https:\/\/eniac.red\/cs\/wp-json\/wp\/v2\/users\/3"}],"replies":[{"embeddable":true,"href":"https:\/\/eniac.red\/cs\/wp-json\/wp\/v2\/comments?post=578"}],"version-history":[{"count":2,"href":"https:\/\/eniac.red\/cs\/wp-json\/wp\/v2\/pages\/578\/revisions"}],"predecessor-version":[{"id":659,"href":"https:\/\/eniac.red\/cs\/wp-json\/wp\/v2\/pages\/578\/revisions\/659"}],"up":[{"embeddable":true,"href":"https:\/\/eniac.red\/cs\/wp-json\/wp\/v2\/pages\/4"}],"wp:attachment":[{"href":"https:\/\/eniac.red\/cs\/wp-json\/wp\/v2\/media?parent=578"}],"curies":[{"name":"wp","href":"https:\/\/api.w.org\/{rel}","templated":true}]}}