{"id":574,"date":"2014-04-01T14:38:46","date_gmt":"2014-04-01T14:38:46","guid":{"rendered":"http:\/\/www.eniac.cz\/?page_id=574"},"modified":"2015-03-05T19:44:49","modified_gmt":"2015-03-05T19:44:49","slug":"under-pressure","status":"publish","type":"page","link":"https:\/\/eniac.red\/cs\/reference\/under-pressure\/","title":{"rendered":"Under Pressure"},"content":{"rendered":"<p>Kr\u00e1tk\u00fd n\u011bm\u00fd film o l\u00e1sce v plavk\u00e1ch.<\/p>\n<p><strong>re\u017eie:\u00a0<\/strong>Diego Fandos<\/p>\n<p><strong>kamera:\u00a0<\/strong>Vojt\u011bch Van\u010dura<\/p>\n<p>&nbsp;<\/p>\n","protected":false},"excerpt":{"rendered":"<p>Kr\u00e1tk\u00fd n\u011bm\u00fd film o l\u00e1sce v plavk\u00e1ch. re\u017eie:\u00a0Diego Fandos kamera:\u00a0Vojt\u011bch Van\u010dura &nbsp;<\/p>\n","protected":false},"author":3,"featured_media":0,"parent":4,"menu_order":0,"comment_status":"open","ping_status":"open","template":"sablona-reference.php","meta":[],"acf":[],"aioseo_notices":[],"_links":{"self":[{"href":"https:\/\/eniac.red\/cs\/wp-json\/wp\/v2\/pages\/574"}],"collection":[{"href":"https:\/\/eniac.red\/cs\/wp-json\/wp\/v2\/pages"}],"about":[{"href":"https:\/\/eniac.red\/cs\/wp-json\/wp\/v2\/types\/page"}],"author":[{"embeddable":true,"href":"https:\/\/eniac.red\/cs\/wp-json\/wp\/v2\/users\/3"}],"replies":[{"embeddable":true,"href":"https:\/\/eniac.red\/cs\/wp-json\/wp\/v2\/comments?post=574"}],"version-history":[{"count":1,"href":"https:\/\/eniac.red\/cs\/wp-json\/wp\/v2\/pages\/574\/revisions"}],"predecessor-version":[{"id":575,"href":"https:\/\/eniac.red\/cs\/wp-json\/wp\/v2\/pages\/574\/revisions\/575"}],"up":[{"embeddable":true,"href":"https:\/\/eniac.red\/cs\/wp-json\/wp\/v2\/pages\/4"}],"wp:attachment":[{"href":"https:\/\/eniac.red\/cs\/wp-json\/wp\/v2\/media?parent=574"}],"curies":[{"name":"wp","href":"https:\/\/api.w.org\/{rel}","templated":true}]}}