{"id":548,"date":"2013-11-06T15:12:08","date_gmt":"2013-11-06T15:12:08","guid":{"rendered":"http:\/\/www.eniac.cz\/?page_id=548"},"modified":"2013-11-06T15:12:08","modified_gmt":"2013-11-06T15:12:08","slug":"htc-brand-shop","status":"publish","type":"page","link":"https:\/\/eniac.red\/cs\/reference\/htc-brand-shop\/","title":{"rendered":"HTC &#8211; brand shop"},"content":{"rendered":"<p><strong>re\u017eie:<\/strong> Tess Grace Murray<br \/>\n<strong>kamera:<\/strong> Michael Gahut<br \/>\n<strong>st\u0159ih:<\/strong> Marek Bure\u0161<\/p>\n","protected":false},"excerpt":{"rendered":"<p>re\u017eie: Tess Grace Murray kamera: Michael Gahut st\u0159ih: Marek Bure\u0161<\/p>\n","protected":false},"author":3,"featured_media":0,"parent":4,"menu_order":0,"comment_status":"open","ping_status":"open","template":"sablona-reference.php","meta":[],"acf":[],"aioseo_notices":[],"_links":{"self":[{"href":"https:\/\/eniac.red\/cs\/wp-json\/wp\/v2\/pages\/548"}],"collection":[{"href":"https:\/\/eniac.red\/cs\/wp-json\/wp\/v2\/pages"}],"about":[{"href":"https:\/\/eniac.red\/cs\/wp-json\/wp\/v2\/types\/page"}],"author":[{"embeddable":true,"href":"https:\/\/eniac.red\/cs\/wp-json\/wp\/v2\/users\/3"}],"replies":[{"embeddable":true,"href":"https:\/\/eniac.red\/cs\/wp-json\/wp\/v2\/comments?post=548"}],"version-history":[{"count":1,"href":"https:\/\/eniac.red\/cs\/wp-json\/wp\/v2\/pages\/548\/revisions"}],"predecessor-version":[{"id":554,"href":"https:\/\/eniac.red\/cs\/wp-json\/wp\/v2\/pages\/548\/revisions\/554"}],"up":[{"embeddable":true,"href":"https:\/\/eniac.red\/cs\/wp-json\/wp\/v2\/pages\/4"}],"wp:attachment":[{"href":"https:\/\/eniac.red\/cs\/wp-json\/wp\/v2\/media?parent=548"}],"curies":[{"name":"wp","href":"https:\/\/api.w.org\/{rel}","templated":true}]}}