{"id":521,"date":"2013-09-25T08:57:45","date_gmt":"2013-09-25T08:57:45","guid":{"rendered":"http:\/\/www.eniac.cz\/?page_id=521"},"modified":"2013-09-25T08:57:45","modified_gmt":"2013-09-25T08:57:45","slug":"dva","status":"publish","type":"page","link":"https:\/\/eniac.red\/cs\/reference\/dva\/","title":{"rendered":"DVA"},"content":{"rendered":"<p>Bakal\u00e1\u0159sk\u00fd film Jakuba Ku\u010dery &#8220;DVA&#8221;<\/p>\n<p><strong>re\u017eie:<\/strong> Jakub Ku\u010dera<br \/>\n<strong>kamera:<\/strong> \u0160imon Dvo\u0159\u00e1\u010dek<br \/>\n<strong>produkce:<\/strong> \u0160tefan Cima<br \/>\n<strong>producent:<\/strong> FAMU<\/p>\n","protected":false},"excerpt":{"rendered":"<p>Bakal\u00e1\u0159sk\u00fd film Jakuba Ku\u010dery &#8220;DVA&#8221; re\u017eie: Jakub Ku\u010dera kamera: \u0160imon Dvo\u0159\u00e1\u010dek produkce: \u0160tefan Cima producent: FAMU<\/p>\n","protected":false},"author":3,"featured_media":0,"parent":4,"menu_order":0,"comment_status":"open","ping_status":"open","template":"sablona-reference.php","meta":[],"acf":[],"aioseo_notices":[],"_links":{"self":[{"href":"https:\/\/eniac.red\/cs\/wp-json\/wp\/v2\/pages\/521"}],"collection":[{"href":"https:\/\/eniac.red\/cs\/wp-json\/wp\/v2\/pages"}],"about":[{"href":"https:\/\/eniac.red\/cs\/wp-json\/wp\/v2\/types\/page"}],"author":[{"embeddable":true,"href":"https:\/\/eniac.red\/cs\/wp-json\/wp\/v2\/users\/3"}],"replies":[{"embeddable":true,"href":"https:\/\/eniac.red\/cs\/wp-json\/wp\/v2\/comments?post=521"}],"version-history":[{"count":2,"href":"https:\/\/eniac.red\/cs\/wp-json\/wp\/v2\/pages\/521\/revisions"}],"predecessor-version":[{"id":528,"href":"https:\/\/eniac.red\/cs\/wp-json\/wp\/v2\/pages\/521\/revisions\/528"}],"up":[{"embeddable":true,"href":"https:\/\/eniac.red\/cs\/wp-json\/wp\/v2\/pages\/4"}],"wp:attachment":[{"href":"https:\/\/eniac.red\/cs\/wp-json\/wp\/v2\/media?parent=521"}],"curies":[{"name":"wp","href":"https:\/\/api.w.org\/{rel}","templated":true}]}}