{"id":505,"date":"2013-09-25T08:26:04","date_gmt":"2013-09-25T08:26:04","guid":{"rendered":"http:\/\/www.eniac.cz\/?page_id=505"},"modified":"2014-12-03T11:31:44","modified_gmt":"2014-12-03T11:31:44","slug":"sadiq-shubab","status":"publish","type":"page","link":"https:\/\/eniac.red\/cs\/reference\/sadiq-shubab\/","title":{"rendered":"Sadiq Shubab"},"content":{"rendered":"<p><strong>re\u017eie:<\/strong> Marek Bure\u0161<br \/>\n<strong>kamera:<\/strong> Michael Gahut<br \/>\n<strong>st\u0159ih:<\/strong> Marek Bure\u0161 <\/p>\n","protected":false},"excerpt":{"rendered":"<p>re\u017eie: Marek Bure\u0161 kamera: Michael Gahut st\u0159ih: Marek Bure\u0161<\/p>\n","protected":false},"author":3,"featured_media":0,"parent":4,"menu_order":0,"comment_status":"open","ping_status":"open","template":"sablona-reference.php","meta":[],"acf":[],"aioseo_notices":[],"_links":{"self":[{"href":"https:\/\/eniac.red\/cs\/wp-json\/wp\/v2\/pages\/505"}],"collection":[{"href":"https:\/\/eniac.red\/cs\/wp-json\/wp\/v2\/pages"}],"about":[{"href":"https:\/\/eniac.red\/cs\/wp-json\/wp\/v2\/types\/page"}],"author":[{"embeddable":true,"href":"https:\/\/eniac.red\/cs\/wp-json\/wp\/v2\/users\/3"}],"replies":[{"embeddable":true,"href":"https:\/\/eniac.red\/cs\/wp-json\/wp\/v2\/comments?post=505"}],"version-history":[{"count":4,"href":"https:\/\/eniac.red\/cs\/wp-json\/wp\/v2\/pages\/505\/revisions"}],"predecessor-version":[{"id":664,"href":"https:\/\/eniac.red\/cs\/wp-json\/wp\/v2\/pages\/505\/revisions\/664"}],"up":[{"embeddable":true,"href":"https:\/\/eniac.red\/cs\/wp-json\/wp\/v2\/pages\/4"}],"wp:attachment":[{"href":"https:\/\/eniac.red\/cs\/wp-json\/wp\/v2\/media?parent=505"}],"curies":[{"name":"wp","href":"https:\/\/api.w.org\/{rel}","templated":true}]}}