{"id":490,"date":"2013-09-25T08:08:44","date_gmt":"2013-09-25T08:08:44","guid":{"rendered":"http:\/\/www.eniac.cz\/?page_id=490"},"modified":"2013-09-25T09:00:02","modified_gmt":"2013-09-25T09:00:02","slug":"cesko-slovensko-ma-talent-2013","status":"publish","type":"page","link":"https:\/\/eniac.red\/cs\/reference\/cesko-slovensko-ma-talent-2013\/","title":{"rendered":"\u010cesko Slovensko m\u00e1 talent 2013"},"content":{"rendered":"<p><strong>re\u017eie:<\/strong> Filip Racek<br \/>\n<strong>kamera:<\/strong> Jan Strnad<br \/>\n<strong>producent:<\/strong> FTV Prima<\/p>\n","protected":false},"excerpt":{"rendered":"<p>re\u017eie: Filip Racek kamera: Jan Strnad producent: FTV Prima<\/p>\n","protected":false},"author":3,"featured_media":0,"parent":4,"menu_order":0,"comment_status":"open","ping_status":"open","template":"sablona-reference.php","meta":[],"acf":[],"aioseo_notices":[],"_links":{"self":[{"href":"https:\/\/eniac.red\/cs\/wp-json\/wp\/v2\/pages\/490"}],"collection":[{"href":"https:\/\/eniac.red\/cs\/wp-json\/wp\/v2\/pages"}],"about":[{"href":"https:\/\/eniac.red\/cs\/wp-json\/wp\/v2\/types\/page"}],"author":[{"embeddable":true,"href":"https:\/\/eniac.red\/cs\/wp-json\/wp\/v2\/users\/3"}],"replies":[{"embeddable":true,"href":"https:\/\/eniac.red\/cs\/wp-json\/wp\/v2\/comments?post=490"}],"version-history":[{"count":4,"href":"https:\/\/eniac.red\/cs\/wp-json\/wp\/v2\/pages\/490\/revisions"}],"predecessor-version":[{"id":531,"href":"https:\/\/eniac.red\/cs\/wp-json\/wp\/v2\/pages\/490\/revisions\/531"}],"up":[{"embeddable":true,"href":"https:\/\/eniac.red\/cs\/wp-json\/wp\/v2\/pages\/4"}],"wp:attachment":[{"href":"https:\/\/eniac.red\/cs\/wp-json\/wp\/v2\/media?parent=490"}],"curies":[{"name":"wp","href":"https:\/\/api.w.org\/{rel}","templated":true}]}}