{"id":482,"date":"2013-09-19T11:23:13","date_gmt":"2013-09-19T11:23:13","guid":{"rendered":"http:\/\/www.eniac.cz\/?page_id=482"},"modified":"2013-09-25T09:01:14","modified_gmt":"2013-09-25T09:01:14","slug":"krizovatky","status":"publish","type":"page","link":"https:\/\/eniac.red\/cs\/reference\/krizovatky\/","title":{"rendered":"K\u0159i\u017eovatky"},"content":{"rendered":"<p><strong>re\u017eie:<\/strong> Filip racek<br \/>\n<strong>kamera:<\/strong> Jan Strnad<br \/>\n<strong>producent:<\/strong> FTV Prima<\/p>\n","protected":false},"excerpt":{"rendered":"<p>re\u017eie: Filip racek kamera: Jan Strnad producent: FTV Prima<\/p>\n","protected":false},"author":3,"featured_media":0,"parent":4,"menu_order":0,"comment_status":"open","ping_status":"open","template":"sablona-reference.php","meta":[],"acf":[],"aioseo_notices":[],"_links":{"self":[{"href":"https:\/\/eniac.red\/cs\/wp-json\/wp\/v2\/pages\/482"}],"collection":[{"href":"https:\/\/eniac.red\/cs\/wp-json\/wp\/v2\/pages"}],"about":[{"href":"https:\/\/eniac.red\/cs\/wp-json\/wp\/v2\/types\/page"}],"author":[{"embeddable":true,"href":"https:\/\/eniac.red\/cs\/wp-json\/wp\/v2\/users\/3"}],"replies":[{"embeddable":true,"href":"https:\/\/eniac.red\/cs\/wp-json\/wp\/v2\/comments?post=482"}],"version-history":[{"count":4,"href":"https:\/\/eniac.red\/cs\/wp-json\/wp\/v2\/pages\/482\/revisions"}],"predecessor-version":[{"id":1866,"href":"https:\/\/eniac.red\/cs\/wp-json\/wp\/v2\/pages\/482\/revisions\/1866"}],"up":[{"embeddable":true,"href":"https:\/\/eniac.red\/cs\/wp-json\/wp\/v2\/pages\/4"}],"wp:attachment":[{"href":"https:\/\/eniac.red\/cs\/wp-json\/wp\/v2\/media?parent=482"}],"curies":[{"name":"wp","href":"https:\/\/api.w.org\/{rel}","templated":true}]}}