{"id":446,"date":"2013-07-09T18:07:59","date_gmt":"2013-07-09T18:07:59","guid":{"rendered":"http:\/\/www.eniac.cz\/?page_id=446"},"modified":"2014-07-03T15:47:05","modified_gmt":"2014-07-03T15:47:05","slug":"specialni-komanda","status":"publish","type":"page","link":"https:\/\/eniac.red\/cs\/reference\/specialni-komanda\/","title":{"rendered":"Speci\u00e1ln\u00ed komanda"},"content":{"rendered":"<p><strong>re\u017eie<\/strong>: Filip Racek<br \/>\n<strong>kamera<\/strong>: Pavel Berkovi\u010d<br \/>\n<strong>klient<\/strong>: FTV Prima<\/p>\n","protected":false},"excerpt":{"rendered":"<p>re\u017eie: Filip Racek kamera: Pavel Berkovi\u010d klient: FTV Prima<\/p>\n","protected":false},"author":3,"featured_media":0,"parent":4,"menu_order":0,"comment_status":"open","ping_status":"open","template":"sablona-reference.php","meta":[],"acf":[],"aioseo_notices":[],"_links":{"self":[{"href":"https:\/\/eniac.red\/cs\/wp-json\/wp\/v2\/pages\/446"}],"collection":[{"href":"https:\/\/eniac.red\/cs\/wp-json\/wp\/v2\/pages"}],"about":[{"href":"https:\/\/eniac.red\/cs\/wp-json\/wp\/v2\/types\/page"}],"author":[{"embeddable":true,"href":"https:\/\/eniac.red\/cs\/wp-json\/wp\/v2\/users\/3"}],"replies":[{"embeddable":true,"href":"https:\/\/eniac.red\/cs\/wp-json\/wp\/v2\/comments?post=446"}],"version-history":[{"count":4,"href":"https:\/\/eniac.red\/cs\/wp-json\/wp\/v2\/pages\/446\/revisions"}],"predecessor-version":[{"id":636,"href":"https:\/\/eniac.red\/cs\/wp-json\/wp\/v2\/pages\/446\/revisions\/636"}],"up":[{"embeddable":true,"href":"https:\/\/eniac.red\/cs\/wp-json\/wp\/v2\/pages\/4"}],"wp:attachment":[{"href":"https:\/\/eniac.red\/cs\/wp-json\/wp\/v2\/media?parent=446"}],"curies":[{"name":"wp","href":"https:\/\/api.w.org\/{rel}","templated":true}]}}