{"id":435,"date":"2013-07-08T18:42:15","date_gmt":"2013-07-08T18:42:15","guid":{"rendered":"http:\/\/www.eniac.cz\/?page_id=435"},"modified":"2014-12-03T11:30:52","modified_gmt":"2014-12-03T11:30:52","slug":"koh-i-nor","status":"publish","type":"page","link":"https:\/\/eniac.red\/cs\/reference\/koh-i-nor\/","title":{"rendered":"Koh-I-Nor"},"content":{"rendered":"<p><strong>re\u017eie:<\/strong> Ji\u0159\u00ed David<br \/>\n<strong>kamera:<\/strong> Michael Gahut<br \/>\n<strong>st\u0159ih:<\/strong> Marek Bure\u0161<\/p>\n","protected":false},"excerpt":{"rendered":"<p>re\u017eie: Ji\u0159\u00ed David kamera: Michael Gahut st\u0159ih: Marek Bure\u0161<\/p>\n","protected":false},"author":3,"featured_media":0,"parent":4,"menu_order":0,"comment_status":"open","ping_status":"open","template":"sablona-reference.php","meta":[],"acf":[],"aioseo_notices":[],"_links":{"self":[{"href":"https:\/\/eniac.red\/cs\/wp-json\/wp\/v2\/pages\/435"}],"collection":[{"href":"https:\/\/eniac.red\/cs\/wp-json\/wp\/v2\/pages"}],"about":[{"href":"https:\/\/eniac.red\/cs\/wp-json\/wp\/v2\/types\/page"}],"author":[{"embeddable":true,"href":"https:\/\/eniac.red\/cs\/wp-json\/wp\/v2\/users\/3"}],"replies":[{"embeddable":true,"href":"https:\/\/eniac.red\/cs\/wp-json\/wp\/v2\/comments?post=435"}],"version-history":[{"count":4,"href":"https:\/\/eniac.red\/cs\/wp-json\/wp\/v2\/pages\/435\/revisions"}],"predecessor-version":[{"id":662,"href":"https:\/\/eniac.red\/cs\/wp-json\/wp\/v2\/pages\/435\/revisions\/662"}],"up":[{"embeddable":true,"href":"https:\/\/eniac.red\/cs\/wp-json\/wp\/v2\/pages\/4"}],"wp:attachment":[{"href":"https:\/\/eniac.red\/cs\/wp-json\/wp\/v2\/media?parent=435"}],"curies":[{"name":"wp","href":"https:\/\/api.w.org\/{rel}","templated":true}]}}