{"id":370,"date":"2013-06-18T21:03:53","date_gmt":"2013-06-18T21:03:53","guid":{"rendered":"http:\/\/www.eniac.cz\/?page_id=370"},"modified":"2016-07-12T12:01:52","modified_gmt":"2016-07-12T12:01:52","slug":"soukroma-olympiada","status":"publish","type":"page","link":"https:\/\/eniac.red\/cs\/reference\/soukroma-olympiada\/","title":{"rendered":"Ly\u017ea\u0159"},"content":{"rendered":"<p><strong>re\u017eie:<\/strong> Marek Bure\u0161<br \/>\n<strong>kamera:<\/strong> Michael Gahut<br \/>\n<strong>st\u0159ih:<\/strong> Marek Bure\u0161<br \/>\n<strong>producent:<\/strong> BackLight films<\/p>\n<p>Dokument \u201cLy\u017ea\u0159\u201d je neobvykl\u00fd film o neobvykl\u00e9 osobnosti. V postav\u011b ly\u017ea\u0159e Jana N\u011bmce se poj\u00ed velk\u00fd talent s jakousi ly\u017ea\u0159skou zarputilost\u00ed, kterou zd\u011bdil po sv\u00e9m otci. To, co ho ale odd\u011bluje od ostatn\u00edch, je obrovsk\u00e1 touha v\u00edt\u011bzit, kter\u00e9 ob\u011btoval \u00fapln\u011b v\u0161echno, v\u010detn\u011b sv\u00e9ho zdrav\u00ed.<br \/>\nJi\u017e od d\u011btstv\u00ed pat\u0159il k na\u0161im nejv\u011bt\u0161\u00edm talent\u016fm v alpsk\u00e9m ly\u017eov\u00e1n\u00ed. Jako levn\u011bj\u0161\u00ed celoro\u010dn\u00ed tr\u00e9ninkovou alternativu za\u010dal v devades\u00e1t\u00fdch letech jezdit i na tr\u00e1v\u011b. Po z\u00edsk\u00e1n\u00ed prvn\u00edho titulu mistra sv\u011bta travn\u00ed ly\u017eov\u00e1n\u00ed nakonec p\u0159ev\u00e1\u017eilo nad zimn\u00edm a z Jana N\u011bmce se 14 tituly mistra sv\u011bta se stala \u017eivouc\u00ed legenda tohoto neolympijsk\u00e9ho sportu.<br \/>\nFilm \u201cLy\u017ea\u0159 je labut\u00ed p\u00edsn\u00ed jedn\u00e9 velk\u00e9 kari\u00e9ry. Chud\u00e9 travn\u00ed ly\u017eov\u00e1n\u00ed jako sport, kter\u00fd le\u017e\u00ed na okraji medi\u00e1ln\u00edho z\u00e1jmu, je ide\u00e1ln\u00edm teritoriem pro tyto \u00favahy. Stejn\u011b tak postava nezn\u00e1m\u00e9ho sv\u011btov\u00e9ho \u0161ampi\u00f3na, kter\u00fd nechal sv\u00e9 medaile zapadat prachem.<\/p>\n","protected":false},"excerpt":{"rendered":"<p>re\u017eie: Marek Bure\u0161 kamera: Michael Gahut st\u0159ih: Marek Bure\u0161 producent: BackLight films Dokument \u201cLy\u017ea\u0159\u201d je neobvykl\u00fd film o neobvykl\u00e9 osobnosti. V postav\u011b ly\u017ea\u0159e Jana N\u011bmce se poj\u00ed velk\u00fd talent s jakousi ly\u017ea\u0159skou zarputilost\u00ed, kterou zd\u011bdil po sv\u00e9m otci. To, co ho ale odd\u011bluje od ostatn\u00edch, je obrovsk\u00e1 touha v\u00edt\u011bzit, kter\u00e9 ob\u011btoval \u00fapln\u011b v\u0161echno, v\u010detn\u011b sv\u00e9ho [&hellip;]<\/p>\n","protected":false},"author":3,"featured_media":0,"parent":4,"menu_order":0,"comment_status":"open","ping_status":"open","template":"sablona-reference.php","meta":[],"acf":[],"aioseo_notices":[],"_links":{"self":[{"href":"https:\/\/eniac.red\/cs\/wp-json\/wp\/v2\/pages\/370"}],"collection":[{"href":"https:\/\/eniac.red\/cs\/wp-json\/wp\/v2\/pages"}],"about":[{"href":"https:\/\/eniac.red\/cs\/wp-json\/wp\/v2\/types\/page"}],"author":[{"embeddable":true,"href":"https:\/\/eniac.red\/cs\/wp-json\/wp\/v2\/users\/3"}],"replies":[{"embeddable":true,"href":"https:\/\/eniac.red\/cs\/wp-json\/wp\/v2\/comments?post=370"}],"version-history":[{"count":7,"href":"https:\/\/eniac.red\/cs\/wp-json\/wp\/v2\/pages\/370\/revisions"}],"predecessor-version":[{"id":881,"href":"https:\/\/eniac.red\/cs\/wp-json\/wp\/v2\/pages\/370\/revisions\/881"}],"up":[{"embeddable":true,"href":"https:\/\/eniac.red\/cs\/wp-json\/wp\/v2\/pages\/4"}],"wp:attachment":[{"href":"https:\/\/eniac.red\/cs\/wp-json\/wp\/v2\/media?parent=370"}],"curies":[{"name":"wp","href":"https:\/\/api.w.org\/{rel}","templated":true}]}}