{"id":200,"date":"2013-05-22T19:30:53","date_gmt":"2013-05-22T19:30:53","guid":{"rendered":"http:\/\/www.eniac.cz\/?page_id=200"},"modified":"2013-06-21T09:15:45","modified_gmt":"2013-06-21T09:15:45","slug":"katarina-knechtova","status":"publish","type":"page","link":"https:\/\/eniac.red\/cs\/reference\/katarina-knechtova\/","title":{"rendered":"Katar\u00edna Knechtov\u00e1"},"content":{"rendered":"<p><strong>re\u017eie<\/strong>: Standa Merhat, Vilem Kabzan<br \/>\n<strong> kamera<\/strong>: Michael Gahut<br \/>\n<strong>st\u0159ih:\u00a0<\/strong>Marek Bure\u0161<\/p>\n","protected":false},"excerpt":{"rendered":"<p>re\u017eie: Standa Merhat, Vilem Kabzan kamera: Michael Gahut st\u0159ih:\u00a0Marek Bure\u0161<\/p>\n","protected":false},"author":1,"featured_media":0,"parent":4,"menu_order":0,"comment_status":"open","ping_status":"open","template":"sablona-reference.php","meta":[],"acf":[],"aioseo_notices":[],"_links":{"self":[{"href":"https:\/\/eniac.red\/cs\/wp-json\/wp\/v2\/pages\/200"}],"collection":[{"href":"https:\/\/eniac.red\/cs\/wp-json\/wp\/v2\/pages"}],"about":[{"href":"https:\/\/eniac.red\/cs\/wp-json\/wp\/v2\/types\/page"}],"author":[{"embeddable":true,"href":"https:\/\/eniac.red\/cs\/wp-json\/wp\/v2\/users\/1"}],"replies":[{"embeddable":true,"href":"https:\/\/eniac.red\/cs\/wp-json\/wp\/v2\/comments?post=200"}],"version-history":[{"count":8,"href":"https:\/\/eniac.red\/cs\/wp-json\/wp\/v2\/pages\/200\/revisions"}],"predecessor-version":[{"id":294,"href":"https:\/\/eniac.red\/cs\/wp-json\/wp\/v2\/pages\/200\/revisions\/294"}],"up":[{"embeddable":true,"href":"https:\/\/eniac.red\/cs\/wp-json\/wp\/v2\/pages\/4"}],"wp:attachment":[{"href":"https:\/\/eniac.red\/cs\/wp-json\/wp\/v2\/media?parent=200"}],"curies":[{"name":"wp","href":"https:\/\/api.w.org\/{rel}","templated":true}]}}