{"id":194,"date":"2013-05-22T19:26:57","date_gmt":"2013-05-22T19:26:57","guid":{"rendered":"http:\/\/www.eniac.cz\/?page_id=194"},"modified":"2013-06-21T09:08:53","modified_gmt":"2013-06-21T09:08:53","slug":"cesko","status":"publish","type":"page","link":"https:\/\/eniac.red\/cs\/reference\/cesko\/","title":{"rendered":"M\u00e1me r\u00e1di \u010cesko"},"content":{"rendered":"<p><strong>re\u017eie<\/strong>: Filip Racek<br \/>\n<strong>kamera<\/strong>: Pavel Berkovi\u010d<\/p>\n<p>Upout\u00e1vky pro sout\u011b\u017en\u00ed po\u0159ad<br \/>\nFTV Prima-\u00a0M\u00e1me r\u00e1di \u010cesko<\/p>\n","protected":false},"excerpt":{"rendered":"<p>re\u017eie: Filip Racek kamera: Pavel Berkovi\u010d Upout\u00e1vky pro sout\u011b\u017en\u00ed po\u0159ad FTV Prima-\u00a0M\u00e1me r\u00e1di \u010cesko<\/p>\n","protected":false},"author":1,"featured_media":0,"parent":4,"menu_order":0,"comment_status":"open","ping_status":"open","template":"sablona-reference.php","meta":[],"acf":[],"aioseo_notices":[],"_links":{"self":[{"href":"https:\/\/eniac.red\/cs\/wp-json\/wp\/v2\/pages\/194"}],"collection":[{"href":"https:\/\/eniac.red\/cs\/wp-json\/wp\/v2\/pages"}],"about":[{"href":"https:\/\/eniac.red\/cs\/wp-json\/wp\/v2\/types\/page"}],"author":[{"embeddable":true,"href":"https:\/\/eniac.red\/cs\/wp-json\/wp\/v2\/users\/1"}],"replies":[{"embeddable":true,"href":"https:\/\/eniac.red\/cs\/wp-json\/wp\/v2\/comments?post=194"}],"version-history":[{"count":5,"href":"https:\/\/eniac.red\/cs\/wp-json\/wp\/v2\/pages\/194\/revisions"}],"predecessor-version":[{"id":384,"href":"https:\/\/eniac.red\/cs\/wp-json\/wp\/v2\/pages\/194\/revisions\/384"}],"up":[{"embeddable":true,"href":"https:\/\/eniac.red\/cs\/wp-json\/wp\/v2\/pages\/4"}],"wp:attachment":[{"href":"https:\/\/eniac.red\/cs\/wp-json\/wp\/v2\/media?parent=194"}],"curies":[{"name":"wp","href":"https:\/\/api.w.org\/{rel}","templated":true}]}}