{"id":178,"date":"2013-05-22T19:20:32","date_gmt":"2013-05-22T19:20:32","guid":{"rendered":"http:\/\/www.eniac.cz\/?page_id=178"},"modified":"2013-06-09T20:54:04","modified_gmt":"2013-06-09T20:54:04","slug":"medved-nemocny-k-smrti","status":"publish","type":"page","link":"https:\/\/eniac.red\/cs\/reference\/medved-nemocny-k-smrti\/","title":{"rendered":"Medv\u011bd &#8211; nemocn\u00fd k smrti"},"content":{"rendered":"<p><strong>re\u017eie<\/strong>: Jan Kadlec<br \/>\n<strong>kamera<\/strong>: Michael Gahut<br \/>\n<strong>st\u0159ih<\/strong>: Marek Bure\u0161<br \/>\n<strong>producent<\/strong>: K-film <\/p>\n","protected":false},"excerpt":{"rendered":"<p>re\u017eie: Jan Kadlec kamera: Michael Gahut st\u0159ih: Marek Bure\u0161 producent: K-film<\/p>\n","protected":false},"author":1,"featured_media":0,"parent":4,"menu_order":0,"comment_status":"open","ping_status":"open","template":"sablona-reference.php","meta":[],"acf":[],"aioseo_notices":[],"_links":{"self":[{"href":"https:\/\/eniac.red\/cs\/wp-json\/wp\/v2\/pages\/178"}],"collection":[{"href":"https:\/\/eniac.red\/cs\/wp-json\/wp\/v2\/pages"}],"about":[{"href":"https:\/\/eniac.red\/cs\/wp-json\/wp\/v2\/types\/page"}],"author":[{"embeddable":true,"href":"https:\/\/eniac.red\/cs\/wp-json\/wp\/v2\/users\/1"}],"replies":[{"embeddable":true,"href":"https:\/\/eniac.red\/cs\/wp-json\/wp\/v2\/comments?post=178"}],"version-history":[{"count":4,"href":"https:\/\/eniac.red\/cs\/wp-json\/wp\/v2\/pages\/178\/revisions"}],"predecessor-version":[{"id":186,"href":"https:\/\/eniac.red\/cs\/wp-json\/wp\/v2\/pages\/178\/revisions\/186"}],"up":[{"embeddable":true,"href":"https:\/\/eniac.red\/cs\/wp-json\/wp\/v2\/pages\/4"}],"wp:attachment":[{"href":"https:\/\/eniac.red\/cs\/wp-json\/wp\/v2\/media?parent=178"}],"curies":[{"name":"wp","href":"https:\/\/api.w.org\/{rel}","templated":true}]}}