{"id":150,"date":"2013-05-22T19:08:44","date_gmt":"2013-05-22T19:08:44","guid":{"rendered":"http:\/\/www.eniac.cz\/?page_id=150"},"modified":"2013-05-22T19:08:44","modified_gmt":"2013-05-22T19:08:44","slug":"xindl-x-docasna-svata","status":"publish","type":"page","link":"https:\/\/eniac.red\/cs\/reference\/xindl-x-docasna-svata\/","title":{"rendered":"Xindl X &#8211; Do\u010dasn\u00e1 svat\u00e1"},"content":{"rendered":"<p><strong>re\u017eie<\/strong>: V\u00edt Karas<br \/>\n<strong>kamera<\/strong>: Pavel Berkovi\u010d<\/p>\n","protected":false},"excerpt":{"rendered":"<p>re\u017eie: V\u00edt Karas kamera: Pavel Berkovi\u010d<\/p>\n","protected":false},"author":1,"featured_media":0,"parent":4,"menu_order":0,"comment_status":"open","ping_status":"open","template":"sablona-reference.php","meta":[],"acf":[],"aioseo_notices":[],"_links":{"self":[{"href":"https:\/\/eniac.red\/cs\/wp-json\/wp\/v2\/pages\/150"}],"collection":[{"href":"https:\/\/eniac.red\/cs\/wp-json\/wp\/v2\/pages"}],"about":[{"href":"https:\/\/eniac.red\/cs\/wp-json\/wp\/v2\/types\/page"}],"author":[{"embeddable":true,"href":"https:\/\/eniac.red\/cs\/wp-json\/wp\/v2\/users\/1"}],"replies":[{"embeddable":true,"href":"https:\/\/eniac.red\/cs\/wp-json\/wp\/v2\/comments?post=150"}],"version-history":[{"count":2,"href":"https:\/\/eniac.red\/cs\/wp-json\/wp\/v2\/pages\/150\/revisions"}],"predecessor-version":[{"id":161,"href":"https:\/\/eniac.red\/cs\/wp-json\/wp\/v2\/pages\/150\/revisions\/161"}],"up":[{"embeddable":true,"href":"https:\/\/eniac.red\/cs\/wp-json\/wp\/v2\/pages\/4"}],"wp:attachment":[{"href":"https:\/\/eniac.red\/cs\/wp-json\/wp\/v2\/media?parent=150"}],"curies":[{"name":"wp","href":"https:\/\/api.w.org\/{rel}","templated":true}]}}