{"id":143,"date":"2013-05-22T19:01:34","date_gmt":"2013-05-22T19:01:34","guid":{"rendered":"http:\/\/www.eniac.cz\/?page_id=143"},"modified":"2013-06-18T21:10:32","modified_gmt":"2013-06-18T21:10:32","slug":"enkel","status":"publish","type":"page","link":"https:\/\/eniac.red\/cs\/reference\/enkel\/","title":{"rendered":"Enkel"},"content":{"rendered":"<p><strong>re\u017eie<\/strong>: Mark There<br \/>\n<strong>kamera<\/strong>: Luk\u00e1\u0161 Milota<br \/>\n<strong>st\u0159ih:<\/strong> Jan Da\u0148hel<br \/>\n<strong>producent<\/strong>: Pink productions<\/p>\n","protected":false},"excerpt":{"rendered":"<p>re\u017eie: Mark There kamera: Luk\u00e1\u0161 Milota st\u0159ih: Jan Da\u0148hel producent: Pink productions<\/p>\n","protected":false},"author":1,"featured_media":0,"parent":4,"menu_order":0,"comment_status":"open","ping_status":"open","template":"sablona-reference.php","meta":[],"acf":[],"aioseo_notices":[],"_links":{"self":[{"href":"https:\/\/eniac.red\/cs\/wp-json\/wp\/v2\/pages\/143"}],"collection":[{"href":"https:\/\/eniac.red\/cs\/wp-json\/wp\/v2\/pages"}],"about":[{"href":"https:\/\/eniac.red\/cs\/wp-json\/wp\/v2\/types\/page"}],"author":[{"embeddable":true,"href":"https:\/\/eniac.red\/cs\/wp-json\/wp\/v2\/users\/1"}],"replies":[{"embeddable":true,"href":"https:\/\/eniac.red\/cs\/wp-json\/wp\/v2\/comments?post=143"}],"version-history":[{"count":6,"href":"https:\/\/eniac.red\/cs\/wp-json\/wp\/v2\/pages\/143\/revisions"}],"predecessor-version":[{"id":146,"href":"https:\/\/eniac.red\/cs\/wp-json\/wp\/v2\/pages\/143\/revisions\/146"}],"up":[{"embeddable":true,"href":"https:\/\/eniac.red\/cs\/wp-json\/wp\/v2\/pages\/4"}],"wp:attachment":[{"href":"https:\/\/eniac.red\/cs\/wp-json\/wp\/v2\/media?parent=143"}],"curies":[{"name":"wp","href":"https:\/\/api.w.org\/{rel}","templated":true}]}}