{"id":134,"date":"2013-05-22T19:00:02","date_gmt":"2013-05-22T19:00:02","guid":{"rendered":"http:\/\/www.eniac.cz\/?page_id=134"},"modified":"2013-06-09T21:29:14","modified_gmt":"2013-06-09T21:29:14","slug":"etalon","status":"publish","type":"page","link":"https:\/\/eniac.red\/cs\/reference\/etalon\/","title":{"rendered":"Ethalon"},"content":{"rendered":"<p><strong>re\u017eie<\/strong>: Federico Diaz<br \/>\n<strong>kamera<\/strong>: Darko Stulic<br \/>\n<strong>st\u0159ih<\/strong>: Marek Bure\u0161<\/p>\n","protected":false},"excerpt":{"rendered":"<p>re\u017eie: Federico Diaz kamera: Darko Stulic st\u0159ih: Marek Bure\u0161<\/p>\n","protected":false},"author":1,"featured_media":0,"parent":4,"menu_order":0,"comment_status":"open","ping_status":"open","template":"sablona-reference.php","meta":[],"acf":[],"aioseo_notices":[],"_links":{"self":[{"href":"https:\/\/eniac.red\/cs\/wp-json\/wp\/v2\/pages\/134"}],"collection":[{"href":"https:\/\/eniac.red\/cs\/wp-json\/wp\/v2\/pages"}],"about":[{"href":"https:\/\/eniac.red\/cs\/wp-json\/wp\/v2\/types\/page"}],"author":[{"embeddable":true,"href":"https:\/\/eniac.red\/cs\/wp-json\/wp\/v2\/users\/1"}],"replies":[{"embeddable":true,"href":"https:\/\/eniac.red\/cs\/wp-json\/wp\/v2\/comments?post=134"}],"version-history":[{"count":5,"href":"https:\/\/eniac.red\/cs\/wp-json\/wp\/v2\/pages\/134\/revisions"}],"predecessor-version":[{"id":249,"href":"https:\/\/eniac.red\/cs\/wp-json\/wp\/v2\/pages\/134\/revisions\/249"}],"up":[{"embeddable":true,"href":"https:\/\/eniac.red\/cs\/wp-json\/wp\/v2\/pages\/4"}],"wp:attachment":[{"href":"https:\/\/eniac.red\/cs\/wp-json\/wp\/v2\/media?parent=134"}],"curies":[{"name":"wp","href":"https:\/\/api.w.org\/{rel}","templated":true}]}}