{"id":1247,"date":"2021-05-06T15:36:10","date_gmt":"2021-05-06T15:36:10","guid":{"rendered":"http:\/\/www.eniac.cz\/?page_id=1247"},"modified":"2021-05-06T15:36:11","modified_gmt":"2021-05-06T15:36:11","slug":"first-in-cia-vs-bin-laden","status":"publish","type":"page","link":"https:\/\/eniac.red\/cs\/reference\/first-in-cia-vs-bin-laden\/","title":{"rendered":"First In: CIA vs. Bin Laden"},"content":{"rendered":"\n<p>Unik\u00e1tn\u00ed dokument\u00e1rn\u00ed film nat\u00e1\u010den\u00fd k dvac\u00e1t\u00e9mu v\u00fdro\u010d\u00ed \u00fatoku na NYWTC. A n\u00e1sledn\u00e9mu deset let trvaj\u00edc\u00edmu honu na str\u016fjce tohoto \u00fatoku Usamu Bin Ladena.<\/p>\n\n\n\n<p>Eniac pro tento projekt realzoval hran\u00e9 rekostrukce.<\/p>\n\n\n\n<p>Pod\u011bkov\u00e1n\u00ed za spolupr\u00e1ci LOM PRAHA s.p.<\/p>\n\n\n\n<p><strong>re\u017eie:<\/strong> Marek Bure\u0161<\/p>\n\n\n\n<p><strong>kamera:<\/strong> Prokop Sou\u010dek<\/p>\n","protected":false},"excerpt":{"rendered":"<p>Unik\u00e1tn\u00ed dokument\u00e1rn\u00ed film nat\u00e1\u010den\u00fd k dvac\u00e1t\u00e9mu v\u00fdro\u010d\u00ed \u00fatoku na NYWTC. A n\u00e1sledn\u00e9mu deset let trvaj\u00edc\u00edmu honu na str\u016fjce tohoto \u00fatoku Usamu Bin Ladena. Eniac pro tento projekt realzoval hran\u00e9 rekostrukce. Pod\u011bkov\u00e1n\u00ed za spolupr\u00e1ci LOM PRAHA s.p. re\u017eie: Marek Bure\u0161 kamera: Prokop Sou\u010dek<\/p>\n","protected":false},"author":3,"featured_media":0,"parent":4,"menu_order":0,"comment_status":"closed","ping_status":"closed","template":"sablona-reference.php","meta":[],"acf":[],"aioseo_notices":[],"_links":{"self":[{"href":"https:\/\/eniac.red\/cs\/wp-json\/wp\/v2\/pages\/1247"}],"collection":[{"href":"https:\/\/eniac.red\/cs\/wp-json\/wp\/v2\/pages"}],"about":[{"href":"https:\/\/eniac.red\/cs\/wp-json\/wp\/v2\/types\/page"}],"author":[{"embeddable":true,"href":"https:\/\/eniac.red\/cs\/wp-json\/wp\/v2\/users\/3"}],"replies":[{"embeddable":true,"href":"https:\/\/eniac.red\/cs\/wp-json\/wp\/v2\/comments?post=1247"}],"version-history":[{"count":2,"href":"https:\/\/eniac.red\/cs\/wp-json\/wp\/v2\/pages\/1247\/revisions"}],"predecessor-version":[{"id":1254,"href":"https:\/\/eniac.red\/cs\/wp-json\/wp\/v2\/pages\/1247\/revisions\/1254"}],"up":[{"embeddable":true,"href":"https:\/\/eniac.red\/cs\/wp-json\/wp\/v2\/pages\/4"}],"wp:attachment":[{"href":"https:\/\/eniac.red\/cs\/wp-json\/wp\/v2\/media?parent=1247"}],"curies":[{"name":"wp","href":"https:\/\/api.w.org\/{rel}","templated":true}]}}