{"id":124,"date":"2013-05-22T18:54:20","date_gmt":"2013-05-22T18:54:20","guid":{"rendered":"http:\/\/www.eniac.cz\/?page_id=124"},"modified":"2013-07-08T19:11:03","modified_gmt":"2013-07-08T19:11:03","slug":"peugeot-sponzor-poradu-ftv-prima","status":"publish","type":"page","link":"https:\/\/eniac.red\/cs\/reference\/peugeot-sponzor-poradu-ftv-prima\/","title":{"rendered":"Peugeot"},"content":{"rendered":"<p><strong>re\u017eie<\/strong>: Ji\u0159\u00ed Charv\u00e1t<br \/>\n<strong>kamera<\/strong>: Pavel Berkovi\u010d<br \/>\n<strong>st\u0159ih<\/strong>: Marek Bure\u0161<\/p>\n<p>Peugeot sponzor po\u0159adu &#8211; FTV Prima<\/p>\n","protected":false},"excerpt":{"rendered":"<p>re\u017eie: Ji\u0159\u00ed Charv\u00e1t kamera: Pavel Berkovi\u010d st\u0159ih: Marek Bure\u0161 Peugeot sponzor po\u0159adu &#8211; FTV Prima<\/p>\n","protected":false},"author":1,"featured_media":0,"parent":4,"menu_order":0,"comment_status":"open","ping_status":"open","template":"sablona-reference.php","meta":[],"acf":[],"aioseo_notices":[],"_links":{"self":[{"href":"https:\/\/eniac.red\/cs\/wp-json\/wp\/v2\/pages\/124"}],"collection":[{"href":"https:\/\/eniac.red\/cs\/wp-json\/wp\/v2\/pages"}],"about":[{"href":"https:\/\/eniac.red\/cs\/wp-json\/wp\/v2\/types\/page"}],"author":[{"embeddable":true,"href":"https:\/\/eniac.red\/cs\/wp-json\/wp\/v2\/users\/1"}],"replies":[{"embeddable":true,"href":"https:\/\/eniac.red\/cs\/wp-json\/wp\/v2\/comments?post=124"}],"version-history":[{"count":4,"href":"https:\/\/eniac.red\/cs\/wp-json\/wp\/v2\/pages\/124\/revisions"}],"predecessor-version":[{"id":278,"href":"https:\/\/eniac.red\/cs\/wp-json\/wp\/v2\/pages\/124\/revisions\/278"}],"up":[{"embeddable":true,"href":"https:\/\/eniac.red\/cs\/wp-json\/wp\/v2\/pages\/4"}],"wp:attachment":[{"href":"https:\/\/eniac.red\/cs\/wp-json\/wp\/v2\/media?parent=124"}],"curies":[{"name":"wp","href":"https:\/\/api.w.org\/{rel}","templated":true}]}}