{"id":1201,"date":"2020-04-07T07:48:06","date_gmt":"2020-04-07T07:48:06","guid":{"rendered":"http:\/\/www.eniac.cz\/?page_id=1201"},"modified":"2020-04-07T07:48:06","modified_gmt":"2020-04-07T07:48:06","slug":"dakacom","status":"publish","type":"page","link":"https:\/\/eniac.red\/cs\/reference\/dakacom\/","title":{"rendered":"Dakacom"},"content":{"rendered":"\n<p>Netradi\u010dn\u00ed reklamn\u00ed kampa\u0148 pro tisk\u0159skou spole\u010dnost Dakacom. Studio ENIAC a VORTUM vytvo\u0159ili fiktivn\u00ed sv\u011bt s\u00e1zek v\u00a0Japonsku. \u00dast\u0159edn\u00edm motivem se stala tajemn\u00e1 a masov\u011b obl\u00edben\u00e1 Dakacom show, ve kter\u00e9 spolu bojuj\u00ed tiska\u0159sk\u00e9 stroje a lid\u00e9 mohou s\u00e1zet na sv\u00e9ho favorita. Navr\u017een\u00fd koncept byl rozpracov\u00e1n do podoby investigativn\u00ed report\u00e1\u017ee, kter\u00e1 p\u0159edstavuje v\u00fdhody Dakacom show a p\u00e1tr\u00e1 po d\u016fvodech, pro\u010d je tak \u00fasp\u011b\u0161n\u00e1 i kde se vlastn\u011b nat\u00e1\u010d\u00ed.<\/p>\n\n\n\n<p><\/p>\n\n\n\n<p><strong>koncept:<\/strong> Pavel Hluch\u00fd \/ Marek Bure\u0161 \/ Michael Gahut<\/p>\n\n\n\n<p><strong>sc\u00e9n\u00e1\u0159:<\/strong> Mark\u00e9ta Jind\u0159ichov\u00e1 \/ Jana Kneschke<\/p>\n\n\n\n<p><strong>re\u017eie:\u00a0<\/strong>Marek\u00a0Bure\u0161<\/p>\n\n\n\n<p><strong>kamera:<\/strong> Michael Gahut<\/p>\n","protected":false},"excerpt":{"rendered":"<p>Netradi\u010dn\u00ed reklamn\u00ed kampa\u0148 pro tisk\u0159skou spole\u010dnost Dakacom. Studio ENIAC a VORTUM vytvo\u0159ili fiktivn\u00ed sv\u011bt s\u00e1zek v\u00a0Japonsku. \u00dast\u0159edn\u00edm motivem se stala tajemn\u00e1 a masov\u011b obl\u00edben\u00e1 Dakacom show, ve kter\u00e9 spolu bojuj\u00ed tiska\u0159sk\u00e9 stroje a lid\u00e9 mohou s\u00e1zet na sv\u00e9ho favorita. Navr\u017een\u00fd koncept byl rozpracov\u00e1n do podoby investigativn\u00ed report\u00e1\u017ee, kter\u00e1 p\u0159edstavuje v\u00fdhody Dakacom show a p\u00e1tr\u00e1 po [&hellip;]<\/p>\n","protected":false},"author":3,"featured_media":0,"parent":4,"menu_order":0,"comment_status":"closed","ping_status":"closed","template":"sablona-reference.php","meta":[],"acf":[],"aioseo_notices":[],"_links":{"self":[{"href":"https:\/\/eniac.red\/cs\/wp-json\/wp\/v2\/pages\/1201"}],"collection":[{"href":"https:\/\/eniac.red\/cs\/wp-json\/wp\/v2\/pages"}],"about":[{"href":"https:\/\/eniac.red\/cs\/wp-json\/wp\/v2\/types\/page"}],"author":[{"embeddable":true,"href":"https:\/\/eniac.red\/cs\/wp-json\/wp\/v2\/users\/3"}],"replies":[{"embeddable":true,"href":"https:\/\/eniac.red\/cs\/wp-json\/wp\/v2\/comments?post=1201"}],"version-history":[{"count":2,"href":"https:\/\/eniac.red\/cs\/wp-json\/wp\/v2\/pages\/1201\/revisions"}],"predecessor-version":[{"id":1207,"href":"https:\/\/eniac.red\/cs\/wp-json\/wp\/v2\/pages\/1201\/revisions\/1207"}],"up":[{"embeddable":true,"href":"https:\/\/eniac.red\/cs\/wp-json\/wp\/v2\/pages\/4"}],"wp:attachment":[{"href":"https:\/\/eniac.red\/cs\/wp-json\/wp\/v2\/media?parent=1201"}],"curies":[{"name":"wp","href":"https:\/\/api.w.org\/{rel}","templated":true}]}}