{"id":1175,"date":"2019-09-05T06:17:15","date_gmt":"2019-09-05T06:17:15","guid":{"rendered":"http:\/\/www.eniac.cz\/?page_id=1175"},"modified":"2019-09-28T08:32:44","modified_gmt":"2019-09-28T08:32:44","slug":"spies-of-war","status":"publish","type":"page","link":"https:\/\/eniac.red\/cs\/reference\/spies-of-war\/","title":{"rendered":"Spies of War"},"content":{"rendered":"\n<p>Nat\u00e1\u010den\u00ed hran\u00fdch rekonstrukc\u00ed pro \u010dty\u0159d\u00edlnou dokument\u00e1rn\u00ed s\u00e9rii <strong>Spies of War<\/strong> pro ZDF enterprises.<\/p>\n\n\n\n<p><strong>dir:<\/strong> Marek Bure\u0161 <\/p>\n\n\n\n<p><strong>dop:<\/strong> Michael Gahut <\/p>\n\n\n\n<p><strong>produkce:<\/strong> Ji\u0159\u00ed Mich\u00e1lek<\/p>\n","protected":false},"excerpt":{"rendered":"<p>Nat\u00e1\u010den\u00ed hran\u00fdch rekonstrukc\u00ed pro \u010dty\u0159d\u00edlnou dokument\u00e1rn\u00ed s\u00e9rii Spies of War pro ZDF enterprises. dir: Marek Bure\u0161 dop: Michael Gahut produkce: Ji\u0159\u00ed Mich\u00e1lek<\/p>\n","protected":false},"author":3,"featured_media":0,"parent":4,"menu_order":0,"comment_status":"closed","ping_status":"closed","template":"sablona-reference.php","meta":[],"acf":[],"aioseo_notices":[],"_links":{"self":[{"href":"https:\/\/eniac.red\/cs\/wp-json\/wp\/v2\/pages\/1175"}],"collection":[{"href":"https:\/\/eniac.red\/cs\/wp-json\/wp\/v2\/pages"}],"about":[{"href":"https:\/\/eniac.red\/cs\/wp-json\/wp\/v2\/types\/page"}],"author":[{"embeddable":true,"href":"https:\/\/eniac.red\/cs\/wp-json\/wp\/v2\/users\/3"}],"replies":[{"embeddable":true,"href":"https:\/\/eniac.red\/cs\/wp-json\/wp\/v2\/comments?post=1175"}],"version-history":[{"count":4,"href":"https:\/\/eniac.red\/cs\/wp-json\/wp\/v2\/pages\/1175\/revisions"}],"predecessor-version":[{"id":1193,"href":"https:\/\/eniac.red\/cs\/wp-json\/wp\/v2\/pages\/1175\/revisions\/1193"}],"up":[{"embeddable":true,"href":"https:\/\/eniac.red\/cs\/wp-json\/wp\/v2\/pages\/4"}],"wp:attachment":[{"href":"https:\/\/eniac.red\/cs\/wp-json\/wp\/v2\/media?parent=1175"}],"curies":[{"name":"wp","href":"https:\/\/api.w.org\/{rel}","templated":true}]}}