{"id":117,"date":"2013-05-22T18:48:26","date_gmt":"2013-05-22T18:48:26","guid":{"rendered":"http:\/\/www.eniac.cz\/?page_id=117"},"modified":"2016-07-25T07:34:03","modified_gmt":"2016-07-25T07:34:03","slug":"hero-by-mistake","status":"publish","type":"page","link":"https:\/\/eniac.red\/cs\/reference\/hero-by-mistake\/","title":{"rendered":"Hero by Mistake"},"content":{"rendered":"<p><strong>re\u017eie<\/strong>: Marek Bure\u0161<br \/>\n<strong>kamera<\/strong>: Michael Gahut<br \/>\n<strong>st\u0159ih<\/strong>: Lucie Haladov\u00e1<br \/>\n<strong>producent<\/strong>: BackLight films<\/p>\n<p>Kr\u00e1tk\u00fd film v\u00a0hlavn\u00ed roli s Jaroslavem Pleslem, kter\u00fd vznikl v r\u00e1mci 48 Hour Film Prague. V r\u00e1mci festivalu \u00a0byl ocen\u011bn\u00fd dv\u011bma cenami za re\u017eii a cenou div\u00e1k\u016f.<\/p>\n","protected":false},"excerpt":{"rendered":"<p>re\u017eie: Marek Bure\u0161 kamera: Michael Gahut st\u0159ih: Lucie Haladov\u00e1 producent: BackLight films Kr\u00e1tk\u00fd film v\u00a0hlavn\u00ed roli s Jaroslavem Pleslem, kter\u00fd vznikl v r\u00e1mci 48 Hour Film Prague. V r\u00e1mci festivalu \u00a0byl ocen\u011bn\u00fd dv\u011bma cenami za re\u017eii a cenou div\u00e1k\u016f.<\/p>\n","protected":false},"author":1,"featured_media":0,"parent":4,"menu_order":0,"comment_status":"open","ping_status":"open","template":"sablona-reference.php","meta":[],"acf":[],"aioseo_notices":[],"_links":{"self":[{"href":"https:\/\/eniac.red\/cs\/wp-json\/wp\/v2\/pages\/117"}],"collection":[{"href":"https:\/\/eniac.red\/cs\/wp-json\/wp\/v2\/pages"}],"about":[{"href":"https:\/\/eniac.red\/cs\/wp-json\/wp\/v2\/types\/page"}],"author":[{"embeddable":true,"href":"https:\/\/eniac.red\/cs\/wp-json\/wp\/v2\/users\/1"}],"replies":[{"embeddable":true,"href":"https:\/\/eniac.red\/cs\/wp-json\/wp\/v2\/comments?post=117"}],"version-history":[{"count":9,"href":"https:\/\/eniac.red\/cs\/wp-json\/wp\/v2\/pages\/117\/revisions"}],"predecessor-version":[{"id":1855,"href":"https:\/\/eniac.red\/cs\/wp-json\/wp\/v2\/pages\/117\/revisions\/1855"}],"up":[{"embeddable":true,"href":"https:\/\/eniac.red\/cs\/wp-json\/wp\/v2\/pages\/4"}],"wp:attachment":[{"href":"https:\/\/eniac.red\/cs\/wp-json\/wp\/v2\/media?parent=117"}],"curies":[{"name":"wp","href":"https:\/\/api.w.org\/{rel}","templated":true}]}}