{"id":1115,"date":"2018-06-21T13:20:21","date_gmt":"2018-06-21T13:20:21","guid":{"rendered":"http:\/\/www.eniac.cz\/?page_id=1115"},"modified":"2018-06-21T13:20:21","modified_gmt":"2018-06-21T13:20:21","slug":"lego-ninjago-dragojitzu","status":"publish","type":"page","link":"https:\/\/eniac.red\/cs\/reference\/lego-ninjago-dragojitzu\/","title":{"rendered":"Lego &#8211; NINJAGO dragojitzu"},"content":{"rendered":"<p>S\u00e9rie reklamn\u00edch spot\u016f pro Lego<\/p>\n<p>re\u017eie: Marek Bure\u0161<br \/>\nkamera: Michael Gahut<br \/>\nklient: Lego<br \/>\nagentura: 2FRESH<\/p>\n","protected":false},"excerpt":{"rendered":"<p>S\u00e9rie reklamn\u00edch spot\u016f pro Lego re\u017eie: Marek Bure\u0161 kamera: Michael Gahut klient: Lego agentura: 2FRESH<\/p>\n","protected":false},"author":3,"featured_media":0,"parent":4,"menu_order":0,"comment_status":"closed","ping_status":"closed","template":"sablona-reference.php","meta":[],"acf":[],"aioseo_notices":[],"_links":{"self":[{"href":"https:\/\/eniac.red\/cs\/wp-json\/wp\/v2\/pages\/1115"}],"collection":[{"href":"https:\/\/eniac.red\/cs\/wp-json\/wp\/v2\/pages"}],"about":[{"href":"https:\/\/eniac.red\/cs\/wp-json\/wp\/v2\/types\/page"}],"author":[{"embeddable":true,"href":"https:\/\/eniac.red\/cs\/wp-json\/wp\/v2\/users\/3"}],"replies":[{"embeddable":true,"href":"https:\/\/eniac.red\/cs\/wp-json\/wp\/v2\/comments?post=1115"}],"version-history":[{"count":1,"href":"https:\/\/eniac.red\/cs\/wp-json\/wp\/v2\/pages\/1115\/revisions"}],"predecessor-version":[{"id":1122,"href":"https:\/\/eniac.red\/cs\/wp-json\/wp\/v2\/pages\/1115\/revisions\/1122"}],"up":[{"embeddable":true,"href":"https:\/\/eniac.red\/cs\/wp-json\/wp\/v2\/pages\/4"}],"wp:attachment":[{"href":"https:\/\/eniac.red\/cs\/wp-json\/wp\/v2\/media?parent=1115"}],"curies":[{"name":"wp","href":"https:\/\/api.w.org\/{rel}","templated":true}]}}