{"id":1105,"date":"2017-12-08T13:51:51","date_gmt":"2017-12-08T13:51:51","guid":{"rendered":"http:\/\/www.eniac.cz\/?page_id=1105"},"modified":"2019-09-28T08:31:56","modified_gmt":"2019-09-28T08:31:56","slug":"terrorism-close-calls","status":"publish","type":"page","link":"https:\/\/eniac.red\/cs\/reference\/terrorism-close-calls\/","title":{"rendered":"Terrorism close calls"},"content":{"rendered":"\n<p>Nat\u00e1\u010den\u00ed hran\u00fdch rekonstrukc\u00ed pro deseti d\u00edlnou dokument\u00e1rn\u00ed s\u00e9rii &#8220;<strong>Terrorism close calls<\/strong>&#8220;. Exkluzivn\u011b v distribuci televize NETFLIX<\/p>\n<p><strong>re\u017eie:<\/strong> Marek Bure\u0161<br \/><strong>kamera:<\/strong> Michael Gahut<\/p> <strong>produkce:<\/strong> Ji\u0159\u00ed Mich\u00e1lek<\/p>\n","protected":false},"excerpt":{"rendered":"<p>Nat\u00e1\u010den\u00ed hran\u00fdch rekonstrukc\u00ed pro deseti d\u00edlnou dokument\u00e1rn\u00ed s\u00e9rii &#8220;Terrorism close calls&#8220;. Exkluzivn\u011b v distribuci televize NETFLIX re\u017eie: Marek Bure\u0161kamera: Michael Gahut produkce: Ji\u0159\u00ed Mich\u00e1lek<\/p>\n","protected":false},"author":3,"featured_media":0,"parent":4,"menu_order":0,"comment_status":"closed","ping_status":"closed","template":"sablona-reference.php","meta":[],"acf":[],"aioseo_notices":[],"_links":{"self":[{"href":"https:\/\/eniac.red\/cs\/wp-json\/wp\/v2\/pages\/1105"}],"collection":[{"href":"https:\/\/eniac.red\/cs\/wp-json\/wp\/v2\/pages"}],"about":[{"href":"https:\/\/eniac.red\/cs\/wp-json\/wp\/v2\/types\/page"}],"author":[{"embeddable":true,"href":"https:\/\/eniac.red\/cs\/wp-json\/wp\/v2\/users\/3"}],"replies":[{"embeddable":true,"href":"https:\/\/eniac.red\/cs\/wp-json\/wp\/v2\/comments?post=1105"}],"version-history":[{"count":3,"href":"https:\/\/eniac.red\/cs\/wp-json\/wp\/v2\/pages\/1105\/revisions"}],"predecessor-version":[{"id":1192,"href":"https:\/\/eniac.red\/cs\/wp-json\/wp\/v2\/pages\/1105\/revisions\/1192"}],"up":[{"embeddable":true,"href":"https:\/\/eniac.red\/cs\/wp-json\/wp\/v2\/pages\/4"}],"wp:attachment":[{"href":"https:\/\/eniac.red\/cs\/wp-json\/wp\/v2\/media?parent=1105"}],"curies":[{"name":"wp","href":"https:\/\/api.w.org\/{rel}","templated":true}]}}