{"id":1098,"date":"2017-12-08T13:44:44","date_gmt":"2017-12-08T13:44:44","guid":{"rendered":"http:\/\/www.eniac.cz\/?page_id=1098"},"modified":"2017-12-08T13:45:26","modified_gmt":"2017-12-08T13:45:26","slug":"emco","status":"publish","type":"page","link":"https:\/\/eniac.red\/cs\/reference\/emco\/","title":{"rendered":"emco"},"content":{"rendered":"<p>Spot &#8220;Je\u0161t\u011b v\u00edce \u010dokol\u00e1dy&#8221; pro spole\u010dnost emco.<\/p>\n<p><strong>re\u017eie:<\/strong> Marek Bure\u0161<br \/>\n<strong>kamera:<\/strong> Michael Gahut<br \/>\n<strong>agentura:<\/strong> Promotime<br \/>\n<strong>klient:<\/strong> emco<\/p>\n","protected":false},"excerpt":{"rendered":"<p>Spot &#8220;Je\u0161t\u011b v\u00edce \u010dokol\u00e1dy&#8221; pro spole\u010dnost emco. re\u017eie: Marek Bure\u0161 kamera: Michael Gahut agentura: Promotime klient: emco<\/p>\n","protected":false},"author":3,"featured_media":0,"parent":4,"menu_order":0,"comment_status":"closed","ping_status":"closed","template":"sablona-reference.php","meta":[],"acf":[],"aioseo_notices":[],"_links":{"self":[{"href":"https:\/\/eniac.red\/cs\/wp-json\/wp\/v2\/pages\/1098"}],"collection":[{"href":"https:\/\/eniac.red\/cs\/wp-json\/wp\/v2\/pages"}],"about":[{"href":"https:\/\/eniac.red\/cs\/wp-json\/wp\/v2\/types\/page"}],"author":[{"embeddable":true,"href":"https:\/\/eniac.red\/cs\/wp-json\/wp\/v2\/users\/3"}],"replies":[{"embeddable":true,"href":"https:\/\/eniac.red\/cs\/wp-json\/wp\/v2\/comments?post=1098"}],"version-history":[{"count":2,"href":"https:\/\/eniac.red\/cs\/wp-json\/wp\/v2\/pages\/1098\/revisions"}],"predecessor-version":[{"id":1104,"href":"https:\/\/eniac.red\/cs\/wp-json\/wp\/v2\/pages\/1098\/revisions\/1104"}],"up":[{"embeddable":true,"href":"https:\/\/eniac.red\/cs\/wp-json\/wp\/v2\/pages\/4"}],"wp:attachment":[{"href":"https:\/\/eniac.red\/cs\/wp-json\/wp\/v2\/media?parent=1098"}],"curies":[{"name":"wp","href":"https:\/\/api.w.org\/{rel}","templated":true}]}}