{"id":1039,"date":"2017-07-20T17:19:56","date_gmt":"2017-07-20T17:19:56","guid":{"rendered":"http:\/\/www.eniac.cz\/?page_id=1039"},"modified":"2017-07-20T17:19:56","modified_gmt":"2017-07-20T17:19:56","slug":"oaks","status":"publish","type":"page","link":"https:\/\/eniac.red\/cs\/reference\/oaks\/","title":{"rendered":"The Oaks Prague"},"content":{"rendered":"<p>Image spot pro developersk\u00fd projekt The Oaks Prague<\/p>\n<p><strong>re\u017eie:<\/strong> Martin Pokorn\u00fd<br \/>\n<strong>kamera:<\/strong> Michael Gahut<br \/>\n<strong>agetura:<\/strong> gng<\/p>\n","protected":false},"excerpt":{"rendered":"<p>Image spot pro developersk\u00fd projekt The Oaks Prague re\u017eie: Martin Pokorn\u00fd kamera: Michael Gahut agetura: gng<\/p>\n","protected":false},"author":3,"featured_media":0,"parent":4,"menu_order":0,"comment_status":"closed","ping_status":"closed","template":"sablona-reference.php","meta":[],"acf":[],"aioseo_notices":[],"_links":{"self":[{"href":"https:\/\/eniac.red\/cs\/wp-json\/wp\/v2\/pages\/1039"}],"collection":[{"href":"https:\/\/eniac.red\/cs\/wp-json\/wp\/v2\/pages"}],"about":[{"href":"https:\/\/eniac.red\/cs\/wp-json\/wp\/v2\/types\/page"}],"author":[{"embeddable":true,"href":"https:\/\/eniac.red\/cs\/wp-json\/wp\/v2\/users\/3"}],"replies":[{"embeddable":true,"href":"https:\/\/eniac.red\/cs\/wp-json\/wp\/v2\/comments?post=1039"}],"version-history":[{"count":1,"href":"https:\/\/eniac.red\/cs\/wp-json\/wp\/v2\/pages\/1039\/revisions"}],"predecessor-version":[{"id":1045,"href":"https:\/\/eniac.red\/cs\/wp-json\/wp\/v2\/pages\/1039\/revisions\/1045"}],"up":[{"embeddable":true,"href":"https:\/\/eniac.red\/cs\/wp-json\/wp\/v2\/pages\/4"}],"wp:attachment":[{"href":"https:\/\/eniac.red\/cs\/wp-json\/wp\/v2\/media?parent=1039"}],"curies":[{"name":"wp","href":"https:\/\/api.w.org\/{rel}","templated":true}]}}